{"id":252,"date":"2021-08-18T05:35:45","date_gmt":"2021-08-18T05:35:45","guid":{"rendered":"http:\/\/beta.bilaportrety.eu\/about\/"},"modified":"2023-01-07T20:52:53","modified_gmt":"2023-01-07T19:52:53","slug":"o-autorce","status":"publish","type":"page","link":"https:\/\/bilaportrety.eu\/cs\/o-autorce\/","title":{"rendered":"O autorce"},"content":{"rendered":"\t\t<div data-elementor-type=\"wp-page\" data-elementor-id=\"252\" class=\"elementor elementor-252\">\n\t\t\t\t\t\t\t\t\t<section class=\"has_ma_el_bg_slider elementor-section elementor-top-section elementor-element elementor-element-a72171b elementor-section-boxed elementor-section-height-default elementor-section-height-default jltma-glass-effect-no\" data-id=\"a72171b\" data-element_type=\"section\" data-settings=\"{&quot;background_background&quot;:&quot;classic&quot;}\">\n\t\t\t\t\t\t<div class=\"elementor-container elementor-column-gap-default\">\n\t\t\t\t\t<div class=\"has_ma_el_bg_slider elementor-column elementor-col-100 elementor-top-column elementor-element elementor-element-90c269b jltma-glass-effect-no\" data-id=\"90c269b\" data-element_type=\"column\">\n\t\t\t<div class=\"elementor-widget-wrap elementor-element-populated\">\n\t\t\t\t\t\t\t\t<div class=\"elementor-element elementor-element-df3115c jltma-glass-effect-no elementor-widget elementor-widget-image\" data-id=\"df3115c\" data-element_type=\"widget\" data-widget_type=\"image.default\">\n\t\t\t\t<div class=\"elementor-widget-container\">\n\t\t\t<style>\/*! elementor - v3.7.8 - 02-10-2022 *\/\n.elementor-widget-image{text-align:center}.elementor-widget-image a{display:inline-block}.elementor-widget-image a img[src$=\".svg\"]{width:48px}.elementor-widget-image img{vertical-align:middle;display:inline-block}<\/style>\t\t\t\t\t\t\t\t\t\t\t\t<img loading=\"lazy\" decoding=\"async\" width=\"2443\" height=\"916\" src=\"https:\/\/bilaportrety.eu\/wp-content\/uploads\/2022\/12\/uvodniFotka.jpg\" class=\"attachment-full size-full\" alt=\"\u00davodn\u00ed obr\u00e1zek\" srcset=\"https:\/\/bilaportrety.eu\/wp-content\/uploads\/2022\/12\/uvodniFotka.jpg 2443w, https:\/\/bilaportrety.eu\/wp-content\/uploads\/2022\/12\/uvodniFotka-300x112.jpg 300w, https:\/\/bilaportrety.eu\/wp-content\/uploads\/2022\/12\/uvodniFotka-1024x384.jpg 1024w, https:\/\/bilaportrety.eu\/wp-content\/uploads\/2022\/12\/uvodniFotka-768x288.jpg 768w, https:\/\/bilaportrety.eu\/wp-content\/uploads\/2022\/12\/uvodniFotka-1536x576.jpg 1536w, https:\/\/bilaportrety.eu\/wp-content\/uploads\/2022\/12\/uvodniFotka-2048x768.jpg 2048w, https:\/\/bilaportrety.eu\/wp-content\/uploads\/2022\/12\/uvodniFotka-18x7.jpg 18w, https:\/\/bilaportrety.eu\/wp-content\/uploads\/2022\/12\/uvodniFotka-600x225.jpg 600w\" sizes=\"auto, (max-width: 2443px) 100vw, 2443px\" \/>\t\t\t\t\t\t\t\t\t\t\t\t\t\t\t<\/div>\n\t\t\t\t<\/div>\n\t\t\t\t\t<\/div>\n\t\t<\/div>\n\t\t\t\t\t\t\t<\/div>\n\t\t<\/section>\n\t\t\t\t<section class=\"has_ma_el_bg_slider elementor-section elementor-top-section elementor-element elementor-element-64451cbc elementor-section-boxed elementor-section-height-default elementor-section-height-default jltma-glass-effect-no\" data-id=\"64451cbc\" data-element_type=\"section\" data-settings=\"{&quot;background_background&quot;:&quot;classic&quot;}\">\n\t\t\t\t\t\t<div class=\"elementor-container elementor-column-gap-default\">\n\t\t\t\t\t<div class=\"has_ma_el_bg_slider elementor-column elementor-col-100 elementor-top-column elementor-element elementor-element-757a7b50 jltma-glass-effect-no\" data-id=\"757a7b50\" data-element_type=\"column\">\n\t\t\t<div class=\"elementor-widget-wrap elementor-element-populated\">\n\t\t\t\t\t\t\t\t<div class=\"elementor-element elementor-element-4ff08fc elementor-hidden-tablet elementor-hidden-mobile jltma-menu-alignment-center jltma-icon-position-right jltma-dropdown-breakpoints-tablet jltma-dropdown-align-flex-start jltma-toggle-view-stacked jltma-toggle-shape-square jltma-main-menu-item-border-type-default jltma-dropdown-border-type-default jltma-dropdown-main-level-border-type-default jltma-dropdown-item-border-type-default jltma-pointer-none jltma-glass-effect-no elementor-widget elementor-widget-ma-navmenu\" data-id=\"4ff08fc\" data-element_type=\"widget\" data-settings=\"{&quot;layout&quot;:&quot;horizontal&quot;,&quot;dropdown_breakpoints&quot;:&quot;tablet&quot;}\" data-widget_type=\"ma-navmenu.default\">\n\t\t\t\t<div class=\"elementor-widget-container\">\n\t\t\t<nav class=\"jltma-nav-menu__main jltma-nav-menu__container default-main-icon-hide  jltma-layout-horizontal\" data-icon-main=\"fas fa-chevron-down\" data-icon-sub=\"\"><ul id=\"menu-1-4ff08fc\" class=\"jltma-nav-menu__container-inner\"><li id=\"menu-item-150\" class=\"menu-item menu-item-type-post_type menu-item-object-page menu-item-home menu-item-150\"><a href=\"https:\/\/bilaportrety.eu\/cs\/\" class=\"jltma-nav-menu__dropdown-item jltma-nav-menu__item-link-top menu-link\">Dom\u016f<span class=\"jltma-animation\"><\/span><\/a><\/li>\n<li id=\"menu-item-1418\" class=\"menu-item menu-item-type-post_type menu-item-object-page menu-item-has-children menu-item-1418\"><a href=\"https:\/\/bilaportrety.eu\/cs\/galerie\/\" class=\"jltma-nav-menu__dropdown-item jltma-nav-menu__item-link-top menu-link\">Galerie<span role=\"presentation\" class=\"dropdown-menu-toggle\" ><\/span><span class=\"jltma-animation\"><\/span><\/a>\n<ul class=\"sub-menu jltma-nav-menu__dropdown-submenu\">\n\t<li id=\"menu-item-1423\" class=\"menu-item menu-item-type-post_type menu-item-object-page menu-item-1423\"><a href=\"https:\/\/bilaportrety.eu\/cs\/olejomalba\/\" class=\"jltma-nav-menu__dropdown-item-sub jltma-nav-menu__item-link-sub menu-link\">Olejomalba<span class=\"jltma-animation\"><\/span><\/a><\/li>\n\t<li id=\"menu-item-1417\" class=\"menu-item menu-item-type-post_type menu-item-object-page menu-item-1417\"><a href=\"https:\/\/bilaportrety.eu\/cs\/akryl\/\" class=\"jltma-nav-menu__dropdown-item-sub jltma-nav-menu__item-link-sub menu-link\">Akryl<span class=\"jltma-animation\"><\/span><\/a><\/li>\n\t<li id=\"menu-item-1415\" class=\"menu-item menu-item-type-post_type menu-item-object-page menu-item-1415\"><a href=\"https:\/\/bilaportrety.eu\/cs\/muchlaze\/\" class=\"jltma-nav-menu__dropdown-item-sub jltma-nav-menu__item-link-sub menu-link\">Muchl\u00e1\u017ee<span class=\"jltma-animation\"><\/span><\/a><\/li>\n\t<li id=\"menu-item-1414\" class=\"menu-item menu-item-type-post_type menu-item-object-page menu-item-1414\"><a href=\"https:\/\/bilaportrety.eu\/cs\/portrety\/\" class=\"jltma-nav-menu__dropdown-item-sub jltma-nav-menu__item-link-sub menu-link\">Portr\u00e9ty<span class=\"jltma-animation\"><\/span><\/a><\/li>\n\t<li id=\"menu-item-3093\" class=\"menu-item menu-item-type-post_type menu-item-object-page menu-item-3093\"><a href=\"https:\/\/bilaportrety.eu\/cs\/hedvabi\/\" class=\"jltma-nav-menu__dropdown-item-sub jltma-nav-menu__item-link-sub menu-link\">Hedv\u00e1b\u00ed<span class=\"jltma-animation\"><\/span><\/a><\/li>\n\t<li id=\"menu-item-3094\" class=\"menu-item menu-item-type-post_type menu-item-object-page menu-item-3094\"><a href=\"https:\/\/bilaportrety.eu\/cs\/zvirata\/\" class=\"jltma-nav-menu__dropdown-item-sub jltma-nav-menu__item-link-sub menu-link\">Zv\u00ed\u0159ata<span class=\"jltma-animation\"><\/span><\/a><\/li>\n\t<li id=\"menu-item-3095\" class=\"menu-item menu-item-type-post_type menu-item-object-page menu-item-3095\"><a href=\"https:\/\/bilaportrety.eu\/cs\/objekty\/\" class=\"jltma-nav-menu__dropdown-item-sub jltma-nav-menu__item-link-sub menu-link\">Objekty<span class=\"jltma-animation\"><\/span><\/a><\/li>\n<\/ul>\n<\/li>\n<li id=\"menu-item-1419\" class=\"menu-item menu-item-type-post_type menu-item-object-page menu-item-1419\"><a href=\"https:\/\/bilaportrety.eu\/cs\/vystavy\/\" class=\"jltma-nav-menu__dropdown-item jltma-nav-menu__item-link-top menu-link\">V\u00fdstavy<span class=\"jltma-animation\"><\/span><\/a><\/li>\n<li id=\"menu-item-423\" class=\"menu-item menu-item-type-post_type menu-item-object-page menu-item-423\"><a href=\"https:\/\/bilaportrety.eu\/cs\/o-autorce\/\" class=\"jltma-nav-menu__dropdown-item jltma-nav-menu__item-link-top menu-link\">O autorce<span class=\"jltma-animation\"><\/span><\/a><\/li>\n<li id=\"menu-item-424\" class=\"menu-item menu-item-type-post_type menu-item-object-page menu-item-424\"><a href=\"https:\/\/bilaportrety.eu\/cs\/kontakt\/\" class=\"jltma-nav-menu__dropdown-item jltma-nav-menu__item-link-top menu-link\">Kontakt<span class=\"jltma-animation\"><\/span><\/a><\/li>\n<li id=\"menu-item-1428\" class=\"trp-language-switcher-container menu-item menu-item-type-post_type menu-item-object-language_switcher menu-item-1428\"><a href=\"https:\/\/bilaportrety.eu\/en\/wp-json\/wp\/v2\/pages\/252\/\" class=\"jltma-nav-menu__dropdown-item jltma-nav-menu__item-link-top menu-link\"><span data-no-translation><img loading=\"lazy\" decoding=\"async\" class=\"trp-flag-image\" src=\"https:\/\/bilaportrety.eu\/wp-content\/plugins\/translatepress-multilingual\/assets\/images\/flags\/en_GB.png\" width=\"18\" height=\"12\" alt=\"en_GB\" title=\"English (UK)\"><span class=\"trp-ls-language-name\">EN<\/span><\/span><span class=\"jltma-animation\"><\/span><\/a><\/li>\n<\/ul><\/nav><div class=\"jltma-nav-menu__toggle-container jltma-layout-horizontal jltma-menu-dropdown-type-\"><div class=\"jltma-nav-menu__toggle\"><span class=\"jltma-toggle-icon\"><i class=\"eicon-menu-bar\"><\/i><\/span><span class=\"jltma-toggle-icon-active\"><i class=\"eicon-close\"><\/i><\/span><\/div><\/div><nav class=\"jltma-nav-menu__dropdown jltma-nav-menu__container jltma-layout-horizontal jltma-menu-dropdown-type- jltma-arrow-animation-\" data-icon-sub=\"\"><ul id=\"jltma_menu-4-4ff08fc\" class=\"jltma-nav-menu__container-inner jltma-nav-menu-dropdown\"><li class=\"menu-item menu-item-type-post_type menu-item-object-page menu-item-home menu-item-150\"><a href=\"https:\/\/bilaportrety.eu\/cs\/\" class=\"menu-link\">Dom\u016f<\/a><\/li>\n<li class=\"menu-item menu-item-type-post_type menu-item-object-page menu-item-has-children menu-item-1418\"><a href=\"https:\/\/bilaportrety.eu\/cs\/galerie\/\" class=\"menu-link\">Galerie<span role=\"presentation\" class=\"dropdown-menu-toggle\" ><\/span><\/a>\n<ul class=\"sub-menu\">\n\t<li class=\"menu-item menu-item-type-post_type menu-item-object-page menu-item-1423\"><a href=\"https:\/\/bilaportrety.eu\/cs\/olejomalba\/\" class=\"menu-link\">Olejomalba<\/a><\/li>\n\t<li class=\"menu-item menu-item-type-post_type menu-item-object-page menu-item-1417\"><a href=\"https:\/\/bilaportrety.eu\/cs\/akryl\/\" class=\"menu-link\">Akryl<\/a><\/li>\n\t<li class=\"menu-item menu-item-type-post_type menu-item-object-page menu-item-1415\"><a href=\"https:\/\/bilaportrety.eu\/cs\/muchlaze\/\" class=\"menu-link\">Muchl\u00e1\u017ee<\/a><\/li>\n\t<li class=\"menu-item menu-item-type-post_type menu-item-object-page menu-item-1414\"><a href=\"https:\/\/bilaportrety.eu\/cs\/portrety\/\" class=\"menu-link\">Portr\u00e9ty<\/a><\/li>\n\t<li class=\"menu-item menu-item-type-post_type menu-item-object-page menu-item-3093\"><a href=\"https:\/\/bilaportrety.eu\/cs\/hedvabi\/\" class=\"menu-link\">Hedv\u00e1b\u00ed<\/a><\/li>\n\t<li class=\"menu-item menu-item-type-post_type menu-item-object-page menu-item-3094\"><a href=\"https:\/\/bilaportrety.eu\/cs\/zvirata\/\" class=\"menu-link\">Zv\u00ed\u0159ata<\/a><\/li>\n\t<li class=\"menu-item menu-item-type-post_type menu-item-object-page menu-item-3095\"><a href=\"https:\/\/bilaportrety.eu\/cs\/objekty\/\" class=\"menu-link\">Objekty<\/a><\/li>\n<\/ul>\n<\/li>\n<li class=\"menu-item menu-item-type-post_type menu-item-object-page menu-item-1419\"><a href=\"https:\/\/bilaportrety.eu\/cs\/vystavy\/\" class=\"menu-link\">V\u00fdstavy<\/a><\/li>\n<li class=\"menu-item menu-item-type-post_type menu-item-object-page menu-item-423\"><a href=\"https:\/\/bilaportrety.eu\/cs\/o-autorce\/\" class=\"menu-link\">O autorce<\/a><\/li>\n<li class=\"menu-item menu-item-type-post_type menu-item-object-page menu-item-424\"><a href=\"https:\/\/bilaportrety.eu\/cs\/kontakt\/\" class=\"menu-link\">Kontakt<\/a><\/li>\n<li class=\"trp-language-switcher-container menu-item menu-item-type-post_type menu-item-object-language_switcher menu-item-1428\"><a href=\"https:\/\/bilaportrety.eu\/en\/wp-json\/wp\/v2\/pages\/252\/\" class=\"menu-link\"><span data-no-translation><img loading=\"lazy\" decoding=\"async\" class=\"trp-flag-image\" src=\"https:\/\/bilaportrety.eu\/wp-content\/plugins\/translatepress-multilingual\/assets\/images\/flags\/en_GB.png\" width=\"18\" height=\"12\" alt=\"en_GB\" title=\"English (UK)\"><span class=\"trp-ls-language-name\">EN<\/span><\/span><\/a><\/li>\n<\/ul><\/nav>\t\t<\/div>\n\t\t\t\t<\/div>\n\t\t\t\t\t<\/div>\n\t\t<\/div>\n\t\t\t\t\t\t\t<\/div>\n\t\t<\/section>\n\t\t\t\t<section class=\"has_ma_el_bg_slider elementor-section elementor-top-section elementor-element elementor-element-713511a elementor-section-boxed elementor-section-height-default elementor-section-height-default jltma-glass-effect-no\" data-id=\"713511a\" data-element_type=\"section\" data-settings=\"{&quot;background_background&quot;:&quot;classic&quot;}\">\n\t\t\t\t\t\t<div class=\"elementor-container elementor-column-gap-default\">\n\t\t\t\t\t<div class=\"has_ma_el_bg_slider elementor-column elementor-col-100 elementor-top-column elementor-element elementor-element-25af208 jltma-glass-effect-no\" data-id=\"25af208\" data-element_type=\"column\">\n\t\t\t<div class=\"elementor-widget-wrap elementor-element-populated\">\n\t\t\t\t\t\t\t\t<div class=\"elementor-element elementor-element-e0e457e elementor-hidden-desktop elementor-hidden-tablet jltma-glass-effect-no elementor-widget elementor-widget-image\" data-id=\"e0e457e\" data-element_type=\"widget\" data-widget_type=\"image.default\">\n\t\t\t\t<div class=\"elementor-widget-container\">\n\t\t\t\t\t\t\t\t\t\t\t\t\t\t\t<img decoding=\"async\" src=\"https:\/\/bilaportrety.eu\/wp-content\/uploads\/elementor\/thumbs\/stana-pym70kmngucq3v3vhni271fd2v2uejnz81rgs2ychi.png\" title=\"stana\" alt=\"Foto autorky\" \/>\t\t\t\t\t\t\t\t\t\t\t\t\t\t\t<\/div>\n\t\t\t\t<\/div>\n\t\t\t\t\t<\/div>\n\t\t<\/div>\n\t\t\t\t\t\t\t<\/div>\n\t\t<\/section>\n\t\t\t\t<section class=\"has_ma_el_bg_slider elementor-section elementor-top-section elementor-element elementor-element-lisqmb2 elementor-reverse-mobile elementor-section-boxed elementor-section-height-default elementor-section-height-default jltma-glass-effect-no\" data-id=\"lisqmb2\" data-element_type=\"section\" data-settings=\"{&quot;background_background&quot;:&quot;classic&quot;}\">\n\t\t\t\t\t\t<div class=\"elementor-container elementor-column-gap-wide\">\n\t\t\t\t\t<div class=\"has_ma_el_bg_slider elementor-column elementor-col-50 elementor-top-column elementor-element elementor-element-21f68a6 jltma-glass-effect-no\" data-id=\"21f68a6\" data-element_type=\"column\">\n\t\t\t<div class=\"elementor-widget-wrap elementor-element-populated\">\n\t\t\t\t\t\t\t\t<div class=\"elementor-element elementor-element-670e6d2 elementor-hidden-mobile jltma-glass-effect-no elementor-widget elementor-widget-image\" data-id=\"670e6d2\" data-element_type=\"widget\" data-widget_type=\"image.default\">\n\t\t\t\t<div class=\"elementor-widget-container\">\n\t\t\t\t\t\t\t\t\t\t\t\t\t\t\t<img decoding=\"async\" src=\"https:\/\/bilaportrety.eu\/wp-content\/uploads\/elementor\/thumbs\/stana-pym70kmngucq3v3vhni271fd2v2uejnz81rgs2ychi.png\" title=\"stana\" alt=\"Foto autorky\" \/>\t\t\t\t\t\t\t\t\t\t\t\t\t\t\t<\/div>\n\t\t\t\t<\/div>\n\t\t\t\t<div class=\"elementor-element elementor-element-3a587f9 jltma-glass-effect-no elementor-widget elementor-widget-heading\" data-id=\"3a587f9\" data-element_type=\"widget\" data-widget_type=\"heading.default\">\n\t\t\t\t<div class=\"elementor-widget-container\">\n\t\t\t<style>\/*! elementor - v3.7.8 - 02-10-2022 *\/\n.elementor-heading-title{padding:0;margin:0;line-height:1}.elementor-widget-heading .elementor-heading-title[class*=elementor-size-]>a{color:inherit;font-size:inherit;line-height:inherit}.elementor-widget-heading .elementor-heading-title.elementor-size-small{font-size:15px}.elementor-widget-heading .elementor-heading-title.elementor-size-medium{font-size:19px}.elementor-widget-heading .elementor-heading-title.elementor-size-large{font-size:29px}.elementor-widget-heading .elementor-heading-title.elementor-size-xl{font-size:39px}.elementor-widget-heading .elementor-heading-title.elementor-size-xxl{font-size:59px}<\/style><h2 class=\"elementor-heading-title elementor-size-default\">ABOUT THE AUTHOR<\/h2>\t\t<\/div>\n\t\t\t\t<\/div>\n\t\t\t\t<div class=\"elementor-element elementor-element-8906216 jltma-glass-effect-no elementor-widget elementor-widget-text-editor\" data-id=\"8906216\" data-element_type=\"widget\" data-widget_type=\"text-editor.default\">\n\t\t\t\t<div class=\"elementor-widget-container\">\n\t\t\t<style>\/*! elementor - v3.7.8 - 02-10-2022 *\/\n.elementor-widget-text-editor.elementor-drop-cap-view-stacked .elementor-drop-cap{background-color:#818a91;color:#fff}.elementor-widget-text-editor.elementor-drop-cap-view-framed .elementor-drop-cap{color:#818a91;border:3px solid;background-color:transparent}.elementor-widget-text-editor:not(.elementor-drop-cap-view-default) .elementor-drop-cap{margin-top:8px}.elementor-widget-text-editor:not(.elementor-drop-cap-view-default) .elementor-drop-cap-letter{width:1em;height:1em}.elementor-widget-text-editor .elementor-drop-cap{float:left;text-align:center;line-height:1;font-size:50px}.elementor-widget-text-editor .elementor-drop-cap-letter{display:inline-block}<\/style>\t\t\t\t<p>About me:<br \/>I am a painter with a professional focus on commissioned portraiture.<br \/>In my freelance work I prefer expressive and abstract painting, where I am not limited with any boundaries.<br \/>I am living and working in Prague.<\/p><p><em style=\"font-weight: inherit; color: var(--ast-global-color-3);\">Over the years I have changed styles, mediums and techniques according to my inner mood and the size of my studio. For example, the large format paintings &#8222;supergauches&#8220; were created in a large studio of sculptures in Sm\u00edchov. The miniature paintings were made in a small studio in \u0158epy, and watercolours mostly on the road while travelling and in plain-air.<\/em><\/p><p>Techniques:<br \/>I use mainly mixed media &#8211; acrylic, oil paints, watercolour, coloured inks, pastel, and sometimes non-standard techniques.<br \/><em>I often combine classical painting with fingers, scratching, monotype, fly-up painting techniques or &#8222;ponytail&#8220; (hair) painting. I discovered this method in horizontal painting and gradually developed my own &#8222;ponytail&#8220; technique &#8211; I tie my hair in a ponytail and dip it in paint, which is transferred to the canvas with a swish.<\/em><br \/><em>I express myself mainly through colour. Colours fascinate me, they are a true gift of heaven for me, I use them to express my feelings and moods, passion for life, joy, or melancholy.<\/em><br \/><em>I have moved from bright tones to even brighter ones &#8211; to luminescent ones. On the other hand, I have been moving more towards harmony and calmer colour tones recently.<\/em><br \/><em>In my paintings, the colours show the evolution of personal experiences. Harmonious blue tones are replaced by wild, joyful orange-red tones, then by calm earth-green or melancholic violet-black. When I&#8217;m in a mischievous mood, I play with all the colours and create something unique, such as &#8222;Pobouch\u010data&#8220; (,,Pobouch\u010de&#8220; -,,Bangby&#8220;\u00a0 is a creature that bangs or is banged by emotions and experiences)<\/em><\/p><p>Motifs:<br \/>Everything that surrounds me (nature, animals, people, stories, relationships)<br \/>and the inner feelings of the experiences and beauty around me.<br \/><em>Even my abstractions are based on these motifs, sometimes inspired by dreams or just a blank canvas..<\/em><\/p><p>Studies: I graduated from the Hollar school of Fine Arts in Prague, with a focus on typography and promotional graphics.<br \/>Exhibitions.<br \/>My paintings are owned by customers in the Czech Republic and around the world. (My favourite pieces are ,,Pobouch\u010data&#8220;)<\/p>\t\t\t\t\t\t<\/div>\n\t\t\t\t<\/div>\n\t\t\t\t\t<\/div>\n\t\t<\/div>\n\t\t\t\t<div class=\"has_ma_el_bg_slider elementor-column elementor-col-50 elementor-top-column elementor-element elementor-element-bc42c60 jltma-glass-effect-no\" data-id=\"bc42c60\" data-element_type=\"column\">\n\t\t\t<div class=\"elementor-widget-wrap elementor-element-populated\">\n\t\t\t\t\t\t\t\t<div class=\"elementor-element elementor-element-0073403 jltma-glass-effect-no elementor-widget elementor-widget-heading\" data-id=\"0073403\" data-element_type=\"widget\" data-widget_type=\"heading.default\">\n\t\t\t\t<div class=\"elementor-widget-container\">\n\t\t\t<h2 class=\"elementor-heading-title elementor-size-default\">O AUTORCE<\/h2>\t\t<\/div>\n\t\t\t\t<\/div>\n\t\t\t\t<div class=\"elementor-element elementor-element-60241e2 jltma-glass-effect-no elementor-widget elementor-widget-text-editor\" data-id=\"60241e2\" data-element_type=\"widget\" data-widget_type=\"text-editor.default\">\n\t\t\t\t<div class=\"elementor-widget-container\">\n\t\t\t\t\t\t\t<p>O mn\u011b:<\/p><p>Jsem mal\u00ed\u0159ka s profesion\u00e1ln\u00edm zam\u011b\u0159en\u00edm na zak\u00e1zkov\u00fd portr\u00e9t .<br \/>Ve sv\u00e9 voln\u00e9 tvorb\u011b d\u00e1v\u00e1m p\u0159ednost expresivn\u00ed, abstraktn\u00ed a pocitov\u00e9 malb\u011b, kde m\u011b nesvazuj\u00ed \u017e\u00e1dn\u00e9 hranice.<br \/>\u017diji a pracuji v Praze.<\/p><p><em>V pr\u016fb\u011bhu let m\u011bn\u00edm styly, m\u00e9dia i techniky podle vnit\u0159n\u00edho rozpolo\u017een\u00ed a velikosti ateli\u00e9ru. Nap\u0159. velkoform\u00e1tov\u00e9 obrazy &#8222;nadgau\u010d\u00e1ky&#8220; vznikaly v rozm\u011brn\u00e9m socha\u0159sk\u00e9m ateli\u00e9ru na Sm\u00edchov\u011b, miniobr\u00e1zky v miniateli\u00e9ru v \u0158ep\u00edch, akvarely v\u011bt\u0161inou na cest\u00e1ch a v plen\u00e9ru..Nyn\u00ed tvo\u0159\u00edm v pra\u017esk\u00e9m ateli\u00e9ru v \u0158eporyj\u00edch. <\/em><\/p><p><span style=\"font-style: inherit; font-weight: inherit; color: var(--ast-global-color-3);\">Techniky:<\/span><\/p><p>Ke sv\u00e9 tvorb\u011b pou\u017e\u00edv\u00e1m r\u016fzn\u00e1 m\u00e9dia &#8211; akryl, olejov\u00e9 barvy, akvarel, barevn\u00e9 tu\u0161e, pastel, a ob\u010das i nestandardn\u00ed techniky.<br \/><em>Klasickou malbu \u010dasto kombinuji t\u0159eba s prstovou, \u0161kr\u00e1bac\u00ed, monotypovou \u010di muchl\u00e1\u017en\u00ed technikou nebo ,,cul\u00edkovou&#8220; (vlasovou) malbou. Tuto metodu jsem objevila p\u0159i horizont\u00e1ln\u00ed malb\u011b a postupn\u011b jsem vyvinula vlastn\u00ed tzv.cul\u00edkovou techniku &#8211; vlasy sv\u00e1\u017eu do cul\u00edku a namo\u010d\u00edm do barvy, kter\u00e1 se \u0161vihem p\u0159en\u00e1\u0161\u00ed na pl\u00e1tno. <\/em><br \/><em>Vyjad\u0159uji se hlavn\u011b barvou. Barvy m\u011b fascinuj\u00ed, jsou pro mne opravdov\u00fdm darem nebe, barvou vyjad\u0159uji sv\u00e9 pocity a rozpolo\u017een\u00ed, v\u00e1\u0161e\u0148 k \u017eivotu, radost, melancholii. <\/em><br \/><em>Z jasn\u00fdch t\u00f3n\u016f jsem p\u0159e\u0161la do je\u0161t\u011b jasn\u011bj\u0161\u00edch &#8211; do luminiscen\u010dn\u00edch, naproti tomu v posledn\u00ed dob\u011b p\u0159ech\u00e1z\u00edm v\u00edc k harmonii a klidn\u011bj\u0161\u00edm barevn\u00fdm t\u00f3n\u016fm. <\/em><br \/><em>Na m\u00fdch obrazech je z barev patrn\u00fd v\u00fdvoj osobn\u00edch zku\u0161enost\u00ed a z\u00e1\u017eitk\u016f. Harmonick\u00e9 modr\u00e9 t\u00f3ny st\u0159\u00edd\u00e1 divok\u00e1 radostn\u00e1 oran\u017eovo\u010derven\u00e1, pak zas klidn\u00e1 zem\u011bzelen\u00e1 nebo melancholick\u00e1 fialovo\u010dern\u00e1. Kdy\u017e m\u00e1m po\u0165ouchlou n\u00e1ladu, hraji v\u0161emi barvami a vznikaj\u00ed nap\u0159 ,,Pobouch\u010data&#8220; (Pobouch\u010de je tvor, kter\u00fd bouch\u00e1, nebo je bouch\u00e1n emocemi a z\u00e1\u017eitky)<\/em><\/p><p>Motivy:<br \/>V\u0161echno co mne obklopuje (p\u0159\u00edroda, zv\u00ed\u0159ata, lid\u00e9, p\u0159\u00edb\u011bhy,vztahy)<br \/>a vnit\u0159n\u00ed pocity z pro\u017eitk\u016f i kr\u00e1sy kolem sebe.<br \/><em>I v abstrakc\u00edch vych\u00e1z\u00edm z t\u011bchto motiv\u016f, n\u011bkdy m\u011b inspiruj\u00ed sny nebo prost\u011b pr\u00e1zdn\u00e9 pl\u00e1tno..<\/em><\/p><p>Studium: Vystudovala jsem v\u00fdtvarnou SO\u0160V (Hollarku) a Typografii se zam\u011b\u0159en\u00edm na propaga\u010dn\u00ed grafiku.<\/p><p>V\u00fdstavy: Za dobu sv\u00e9 tvorby jsem m\u011bla \u0159adu v\u00fdstav vlastn\u00edch i spole\u010dn\u00fdch, v\u011bt\u0161inou v \u010cech\u00e1ch,ale i v zahrani\u010d\u00ed&#8230;<br \/>M\u00e9 obrazy vlastn\u00ed z\u00e1kazn\u00edci u n\u00e1s i po sv\u011bt\u011b. (Nejrad\u011bji cestuj\u00ed Pobouch\u010data)<\/p>\t\t\t\t\t\t<\/div>\n\t\t\t\t<\/div>\n\t\t\t\t\t<\/div>\n\t\t<\/div>\n\t\t\t\t\t\t\t<\/div>\n\t\t<\/section>\n\t\t\t\t\t\t\t<\/div>\n\t\t","protected":false},"excerpt":{"rendered":"<p>ABOUT THE AUTHOR About me:I am a painter with a professional focus on commissioned portraiture.In my freelance work I prefer expressive and abstract painting, where I am not limited with any boundaries.I am living and working in Prague. Over the years I have changed styles, mediums and techniques according to my inner mood and the &hellip;<\/p>\n<p class=\"read-more\"> <a class=\"\" href=\"https:\/\/bilaportrety.eu\/cs\/o-autorce\/\"> <span class=\"screen-reader-text\">O autorce<\/span> Pokra\u010dovat ve \u010dten\u00ed &raquo;<\/a><\/p>\n","protected":false},"author":1,"featured_media":0,"parent":0,"menu_order":0,"comment_status":"closed","ping_status":"closed","template":"","meta":{"om_disable_all_campaigns":false,"site-sidebar-layout":"no-sidebar","site-content-layout":"page-builder","ast-global-header-display":"","ast-main-header-display":"","ast-hfb-above-header-display":"","ast-hfb-below-header-display":"","ast-hfb-mobile-header-display":"","site-post-title":"disabled","ast-breadcrumbs-content":"disabled","ast-featured-img":"disabled","footer-sml-layout":"","theme-transparent-header-meta":"default","adv-header-id-meta":"","stick-header-meta":"","header-above-stick-meta":"","header-main-stick-meta":"","header-below-stick-meta":"","footnotes":""},"class_list":["post-252","page","type-page","status-publish","hentry"],"aioseo_notices":[],"_links":{"self":[{"href":"https:\/\/bilaportrety.eu\/cs\/wp-json\/wp\/v2\/pages\/252","targetHints":{"allow":["GET"]}}],"collection":[{"href":"https:\/\/bilaportrety.eu\/cs\/wp-json\/wp\/v2\/pages"}],"about":[{"href":"https:\/\/bilaportrety.eu\/cs\/wp-json\/wp\/v2\/types\/page"}],"author":[{"embeddable":true,"href":"https:\/\/bilaportrety.eu\/cs\/wp-json\/wp\/v2\/users\/1"}],"replies":[{"embeddable":true,"href":"https:\/\/bilaportrety.eu\/cs\/wp-json\/wp\/v2\/comments?post=252"}],"version-history":[{"count":77,"href":"https:\/\/bilaportrety.eu\/cs\/wp-json\/wp\/v2\/pages\/252\/revisions"}],"predecessor-version":[{"id":3273,"href":"https:\/\/bilaportrety.eu\/cs\/wp-json\/wp\/v2\/pages\/252\/revisions\/3273"}],"wp:attachment":[{"href":"https:\/\/bilaportrety.eu\/cs\/wp-json\/wp\/v2\/media?parent=252"}],"curies":[{"name":"wp","href":"https:\/\/api.w.org\/{rel}","templated":true}]}}