{"id":1701,"date":"2022-11-23T19:00:24","date_gmt":"2022-11-23T18:00:24","guid":{"rendered":"http:\/\/beta.bilaportrety.eu\/?post_type=product&#038;p=1701"},"modified":"2022-12-04T00:04:51","modified_gmt":"2022-12-03T23:04:51","slug":"poznani-prinasi-bolest","status":"publish","type":"product","link":"https:\/\/bilaportrety.eu\/cs\/product\/poznani-prinasi-bolest\/","title":{"rendered":",,Pozn\u00e1n\u00ed p\u0159in\u00e1\u0161\u00ed bolest&#8220; akryl na pl\u00e1tn\u011b"},"content":{"rendered":"<p>Akryl na pl\u00e1tn\u011b, r\u00e1m<\/p>\n","protected":false},"excerpt":{"rendered":"<p>Akryl na pl\u00e1tn\u011b, r\u00e1m<\/p>\n","protected":false},"featured_media":1636,"template":"","meta":{"om_disable_all_campaigns":false,"site-sidebar-layout":"default","site-content-layout":"default","ast-global-header-display":"","ast-main-header-display":"","ast-hfb-above-header-display":"","ast-hfb-below-header-display":"","ast-hfb-mobile-header-display":"","site-post-title":"","ast-breadcrumbs-content":"","ast-featured-img":"","footer-sml-layout":"","theme-transparent-header-meta":"default","adv-header-id-meta":"","stick-header-meta":"","header-above-stick-meta":"","header-main-stick-meta":"","header-below-stick-meta":""},"product_cat":[39],"product_tag":[],"class_list":["post-1701","product","type-product","status-publish","has-post-thumbnail","hentry","product_cat-portrety","desktop-align-left","tablet-align-left","mobile-align-left"],"aioseo_notices":[],"_links":{"self":[{"href":"https:\/\/bilaportrety.eu\/cs\/wp-json\/wp\/v2\/product\/1701","targetHints":{"allow":["GET"]}}],"collection":[{"href":"https:\/\/bilaportrety.eu\/cs\/wp-json\/wp\/v2\/product"}],"about":[{"href":"https:\/\/bilaportrety.eu\/cs\/wp-json\/wp\/v2\/types\/product"}],"version-history":[{"count":2,"href":"https:\/\/bilaportrety.eu\/cs\/wp-json\/wp\/v2\/product\/1701\/revisions"}],"predecessor-version":[{"id":2483,"href":"https:\/\/bilaportrety.eu\/cs\/wp-json\/wp\/v2\/product\/1701\/revisions\/2483"}],"wp:featuredmedia":[{"embeddable":true,"href":"https:\/\/bilaportrety.eu\/cs\/wp-json\/wp\/v2\/media\/1636"}],"wp:attachment":[{"href":"https:\/\/bilaportrety.eu\/cs\/wp-json\/wp\/v2\/media?parent=1701"}],"wp:term":[{"taxonomy":"product_cat","embeddable":true,"href":"https:\/\/bilaportrety.eu\/cs\/wp-json\/wp\/v2\/product_cat?post=1701"},{"taxonomy":"product_tag","embeddable":true,"href":"https:\/\/bilaportrety.eu\/cs\/wp-json\/wp\/v2\/product_tag?post=1701"}],"curies":[{"name":"wp","href":"https:\/\/api.w.org\/{rel}","templated":true}]}}