{"id":1753,"date":"2022-11-23T20:41:23","date_gmt":"2022-11-23T19:41:23","guid":{"rendered":"http:\/\/beta.bilaportrety.eu\/?post_type=product&#038;p=1753"},"modified":"2022-12-03T23:59:49","modified_gmt":"2022-12-03T22:59:49","slug":"holka","status":"publish","type":"product","link":"https:\/\/bilaportrety.eu\/cs\/product\/holka\/","title":{"rendered":",,Holka&#8220; akryl na pl\u00e1tn\u011b"},"content":{"rendered":"<p>Akryl na pl\u00e1tn\u011b, r\u00e1m<\/p>\n<p>35&#215;30<\/p>\n<p>2008<\/p>\n","protected":false},"excerpt":{"rendered":"<p>Akryl na pl\u00e1tn\u011b, r\u00e1m 35&#215;30 2008<\/p>\n","protected":false},"featured_media":1742,"template":"","meta":{"om_disable_all_campaigns":false,"site-sidebar-layout":"default","site-content-layout":"default","ast-global-header-display":"","ast-main-header-display":"","ast-hfb-above-header-display":"","ast-hfb-below-header-display":"","ast-hfb-mobile-header-display":"","site-post-title":"","ast-breadcrumbs-content":"","ast-featured-img":"","footer-sml-layout":"","theme-transparent-header-meta":"default","adv-header-id-meta":"","stick-header-meta":"","header-above-stick-meta":"","header-main-stick-meta":"","header-below-stick-meta":""},"product_cat":[39],"product_tag":[],"class_list":["post-1753","product","type-product","status-publish","has-post-thumbnail","hentry","product_cat-portrety","desktop-align-left","tablet-align-left","mobile-align-left"],"aioseo_notices":[],"_links":{"self":[{"href":"https:\/\/bilaportrety.eu\/cs\/wp-json\/wp\/v2\/product\/1753","targetHints":{"allow":["GET"]}}],"collection":[{"href":"https:\/\/bilaportrety.eu\/cs\/wp-json\/wp\/v2\/product"}],"about":[{"href":"https:\/\/bilaportrety.eu\/cs\/wp-json\/wp\/v2\/types\/product"}],"version-history":[{"count":2,"href":"https:\/\/bilaportrety.eu\/cs\/wp-json\/wp\/v2\/product\/1753\/revisions"}],"predecessor-version":[{"id":2480,"href":"https:\/\/bilaportrety.eu\/cs\/wp-json\/wp\/v2\/product\/1753\/revisions\/2480"}],"wp:featuredmedia":[{"embeddable":true,"href":"https:\/\/bilaportrety.eu\/cs\/wp-json\/wp\/v2\/media\/1742"}],"wp:attachment":[{"href":"https:\/\/bilaportrety.eu\/cs\/wp-json\/wp\/v2\/media?parent=1753"}],"wp:term":[{"taxonomy":"product_cat","embeddable":true,"href":"https:\/\/bilaportrety.eu\/cs\/wp-json\/wp\/v2\/product_cat?post=1753"},{"taxonomy":"product_tag","embeddable":true,"href":"https:\/\/bilaportrety.eu\/cs\/wp-json\/wp\/v2\/product_tag?post=1753"}],"curies":[{"name":"wp","href":"https:\/\/api.w.org\/{rel}","templated":true}]}}