{"id":1908,"date":"2022-11-24T14:42:16","date_gmt":"2022-11-24T13:42:16","guid":{"rendered":"http:\/\/beta.bilaportrety.eu\/?post_type=product&#038;p=1908"},"modified":"2023-11-23T23:17:27","modified_gmt":"2023-11-23T22:17:27","slug":"kdosi-v-lese","status":"publish","type":"product","link":"https:\/\/bilaportrety.eu\/cs\/product\/kdosi-v-lese\/","title":{"rendered":",,Kdosi v lese&#8220; (2022) olej na pl\u00e1tn\u011b 30&#215;21 cm"},"content":{"rendered":"<p>Olej na pl\u00e1tn\u011b, r\u00e1me\u010dek<\/p>\n<p>30&#215;21 cm<\/p>\n<p>2022<\/p>\n","protected":false},"excerpt":{"rendered":"<p>Olej na pl\u00e1tn\u011b, r\u00e1me\u010dek 30&#215;21 cm 2022<\/p>\n","protected":false},"featured_media":1792,"template":"","meta":{"om_disable_all_campaigns":false,"site-sidebar-layout":"default","site-content-layout":"default","ast-global-header-display":"","ast-main-header-display":"","ast-hfb-above-header-display":"","ast-hfb-below-header-display":"","ast-hfb-mobile-header-display":"","site-post-title":"","ast-breadcrumbs-content":"","ast-featured-img":"","footer-sml-layout":"","theme-transparent-header-meta":"default","adv-header-id-meta":"","stick-header-meta":"","header-above-stick-meta":"","header-main-stick-meta":"","header-below-stick-meta":""},"product_cat":[34,35],"product_tag":[],"class_list":["post-1908","product","type-product","status-publish","has-post-thumbnail","hentry","product_cat-home","product_cat-olejomalba","desktop-align-left","tablet-align-left","mobile-align-left"],"aioseo_notices":[],"_links":{"self":[{"href":"https:\/\/bilaportrety.eu\/cs\/wp-json\/wp\/v2\/product\/1908","targetHints":{"allow":["GET"]}}],"collection":[{"href":"https:\/\/bilaportrety.eu\/cs\/wp-json\/wp\/v2\/product"}],"about":[{"href":"https:\/\/bilaportrety.eu\/cs\/wp-json\/wp\/v2\/types\/product"}],"version-history":[{"count":2,"href":"https:\/\/bilaportrety.eu\/cs\/wp-json\/wp\/v2\/product\/1908\/revisions"}],"predecessor-version":[{"id":3322,"href":"https:\/\/bilaportrety.eu\/cs\/wp-json\/wp\/v2\/product\/1908\/revisions\/3322"}],"wp:featuredmedia":[{"embeddable":true,"href":"https:\/\/bilaportrety.eu\/cs\/wp-json\/wp\/v2\/media\/1792"}],"wp:attachment":[{"href":"https:\/\/bilaportrety.eu\/cs\/wp-json\/wp\/v2\/media?parent=1908"}],"wp:term":[{"taxonomy":"product_cat","embeddable":true,"href":"https:\/\/bilaportrety.eu\/cs\/wp-json\/wp\/v2\/product_cat?post=1908"},{"taxonomy":"product_tag","embeddable":true,"href":"https:\/\/bilaportrety.eu\/cs\/wp-json\/wp\/v2\/product_tag?post=1908"}],"curies":[{"name":"wp","href":"https:\/\/api.w.org\/{rel}","templated":true}]}}