{"id":2468,"date":"2022-12-03T23:05:11","date_gmt":"2022-12-03T22:05:11","guid":{"rendered":"https:\/\/bilaportrety.eu\/?post_type=product&#038;p=2468"},"modified":"2022-12-30T11:37:56","modified_gmt":"2022-12-30T10:37:56","slug":"portret-pastel-na-papire-500x353-mm","status":"publish","type":"product","link":"https:\/\/bilaportrety.eu\/cs\/product\/portret-pastel-na-papire-500x353-mm\/","title":{"rendered":"Prod\u00e1no Pastel ,,Portr\u00e9t&#8220;  500&#215;353 mm"},"content":{"rendered":"<p>pastel na pap\u00ed\u0159e<\/p>\n<p>500&#215;353 mm<\/p>\n","protected":false},"excerpt":{"rendered":"<p>pastel na pap\u00ed\u0159e 500&#215;353 mm<\/p>\n","protected":false},"featured_media":2469,"template":"","meta":{"om_disable_all_campaigns":false,"site-sidebar-layout":"default","site-content-layout":"default","ast-global-header-display":"","ast-main-header-display":"","ast-hfb-above-header-display":"","ast-hfb-below-header-display":"","ast-hfb-mobile-header-display":"","site-post-title":"","ast-breadcrumbs-content":"","ast-featured-img":"","footer-sml-layout":"","theme-transparent-header-meta":"default","adv-header-id-meta":"","stick-header-meta":"","header-above-stick-meta":"","header-main-stick-meta":"","header-below-stick-meta":""},"product_cat":[39],"product_tag":[],"class_list":["post-2468","product","type-product","status-publish","has-post-thumbnail","hentry","product_cat-portrety","desktop-align-left","tablet-align-left","mobile-align-left"],"aioseo_notices":[],"_links":{"self":[{"href":"https:\/\/bilaportrety.eu\/cs\/wp-json\/wp\/v2\/product\/2468","targetHints":{"allow":["GET"]}}],"collection":[{"href":"https:\/\/bilaportrety.eu\/cs\/wp-json\/wp\/v2\/product"}],"about":[{"href":"https:\/\/bilaportrety.eu\/cs\/wp-json\/wp\/v2\/types\/product"}],"version-history":[{"count":3,"href":"https:\/\/bilaportrety.eu\/cs\/wp-json\/wp\/v2\/product\/2468\/revisions"}],"predecessor-version":[{"id":3130,"href":"https:\/\/bilaportrety.eu\/cs\/wp-json\/wp\/v2\/product\/2468\/revisions\/3130"}],"wp:featuredmedia":[{"embeddable":true,"href":"https:\/\/bilaportrety.eu\/cs\/wp-json\/wp\/v2\/media\/2469"}],"wp:attachment":[{"href":"https:\/\/bilaportrety.eu\/cs\/wp-json\/wp\/v2\/media?parent=2468"}],"wp:term":[{"taxonomy":"product_cat","embeddable":true,"href":"https:\/\/bilaportrety.eu\/cs\/wp-json\/wp\/v2\/product_cat?post=2468"},{"taxonomy":"product_tag","embeddable":true,"href":"https:\/\/bilaportrety.eu\/cs\/wp-json\/wp\/v2\/product_tag?post=2468"}],"curies":[{"name":"wp","href":"https:\/\/api.w.org\/{rel}","templated":true}]}}