{"id":3192,"date":"2022-12-30T12:45:34","date_gmt":"2022-12-30T11:45:34","guid":{"rendered":"https:\/\/bilaportrety.eu\/?post_type=product&#038;p=3192"},"modified":"2023-11-23T18:45:03","modified_gmt":"2023-11-23T17:45:03","slug":"tulipany-50x50-cm","status":"publish","type":"product","link":"https:\/\/bilaportrety.eu\/cs\/product\/tulipany-50x50-cm\/","title":{"rendered":",,Tulip\u00e1ny&#8220; (2020)  malba na hedv\u00e1b\u00ed 50&#215;50 cm"},"content":{"rendered":"","protected":false},"excerpt":{"rendered":"","protected":false},"featured_media":3193,"template":"","meta":{"om_disable_all_campaigns":false,"site-sidebar-layout":"default","site-content-layout":"default","ast-global-header-display":"","ast-main-header-display":"","ast-hfb-above-header-display":"","ast-hfb-below-header-display":"","ast-hfb-mobile-header-display":"","site-post-title":"","ast-breadcrumbs-content":"","ast-featured-img":"","footer-sml-layout":"","theme-transparent-header-meta":"default","adv-header-id-meta":"","stick-header-meta":"","header-above-stick-meta":"","header-main-stick-meta":"","header-below-stick-meta":""},"product_cat":[45],"product_tag":[],"class_list":["post-3192","product","type-product","status-publish","has-post-thumbnail","hentry","product_cat-hedvabi","desktop-align-left","tablet-align-left","mobile-align-left"],"aioseo_notices":[],"_links":{"self":[{"href":"https:\/\/bilaportrety.eu\/cs\/wp-json\/wp\/v2\/product\/3192","targetHints":{"allow":["GET"]}}],"collection":[{"href":"https:\/\/bilaportrety.eu\/cs\/wp-json\/wp\/v2\/product"}],"about":[{"href":"https:\/\/bilaportrety.eu\/cs\/wp-json\/wp\/v2\/types\/product"}],"version-history":[{"count":2,"href":"https:\/\/bilaportrety.eu\/cs\/wp-json\/wp\/v2\/product\/3192\/revisions"}],"predecessor-version":[{"id":3212,"href":"https:\/\/bilaportrety.eu\/cs\/wp-json\/wp\/v2\/product\/3192\/revisions\/3212"}],"wp:featuredmedia":[{"embeddable":true,"href":"https:\/\/bilaportrety.eu\/cs\/wp-json\/wp\/v2\/media\/3193"}],"wp:attachment":[{"href":"https:\/\/bilaportrety.eu\/cs\/wp-json\/wp\/v2\/media?parent=3192"}],"wp:term":[{"taxonomy":"product_cat","embeddable":true,"href":"https:\/\/bilaportrety.eu\/cs\/wp-json\/wp\/v2\/product_cat?post=3192"},{"taxonomy":"product_tag","embeddable":true,"href":"https:\/\/bilaportrety.eu\/cs\/wp-json\/wp\/v2\/product_tag?post=3192"}],"curies":[{"name":"wp","href":"https:\/\/api.w.org\/{rel}","templated":true}]}}