{"id":3485,"date":"2024-04-25T19:11:39","date_gmt":"2024-04-25T18:11:39","guid":{"rendered":"https:\/\/bilaportrety.eu\/?post_type=product&#038;p=3485"},"modified":"2024-04-25T19:20:00","modified_gmt":"2024-04-25T18:20:00","slug":"jesterky-akryl-na-platne-150x100-cm-prodano","status":"publish","type":"product","link":"https:\/\/bilaportrety.eu\/cs\/product\/jesterky-akryl-na-platne-150x100-cm-prodano\/","title":{"rendered":"Nadgau\u010d\u00e1k ,,Je\u0161t\u011brky&#8220; akryl na pl\u00e1tn\u011b 150&#215;100 cm \/prod\u00e1no\/"},"content":{"rendered":"","protected":false},"excerpt":{"rendered":"","protected":false},"featured_media":3486,"template":"","meta":{"om_disable_all_campaigns":false,"site-sidebar-layout":"no-sidebar","site-content-layout":"page-builder","ast-global-header-display":"","ast-main-header-display":"","ast-hfb-above-header-display":"","ast-hfb-below-header-display":"","ast-hfb-mobile-header-display":"","site-post-title":"disabled","ast-breadcrumbs-content":"","ast-featured-img":"disabled","footer-sml-layout":"","theme-transparent-header-meta":"default","adv-header-id-meta":"","stick-header-meta":"","header-above-stick-meta":"","header-main-stick-meta":"","header-below-stick-meta":""},"product_cat":[36,34],"product_tag":[],"class_list":["post-3485","product","type-product","status-publish","has-post-thumbnail","hentry","product_cat-akryl","product_cat-home","desktop-align-left","tablet-align-left","mobile-align-left"],"aioseo_notices":[],"_links":{"self":[{"href":"https:\/\/bilaportrety.eu\/cs\/wp-json\/wp\/v2\/product\/3485","targetHints":{"allow":["GET"]}}],"collection":[{"href":"https:\/\/bilaportrety.eu\/cs\/wp-json\/wp\/v2\/product"}],"about":[{"href":"https:\/\/bilaportrety.eu\/cs\/wp-json\/wp\/v2\/types\/product"}],"version-history":[{"count":2,"href":"https:\/\/bilaportrety.eu\/cs\/wp-json\/wp\/v2\/product\/3485\/revisions"}],"predecessor-version":[{"id":3490,"href":"https:\/\/bilaportrety.eu\/cs\/wp-json\/wp\/v2\/product\/3485\/revisions\/3490"}],"wp:featuredmedia":[{"embeddable":true,"href":"https:\/\/bilaportrety.eu\/cs\/wp-json\/wp\/v2\/media\/3486"}],"wp:attachment":[{"href":"https:\/\/bilaportrety.eu\/cs\/wp-json\/wp\/v2\/media?parent=3485"}],"wp:term":[{"taxonomy":"product_cat","embeddable":true,"href":"https:\/\/bilaportrety.eu\/cs\/wp-json\/wp\/v2\/product_cat?post=3485"},{"taxonomy":"product_tag","embeddable":true,"href":"https:\/\/bilaportrety.eu\/cs\/wp-json\/wp\/v2\/product_tag?post=3485"}],"curies":[{"name":"wp","href":"https:\/\/api.w.org\/{rel}","templated":true}]}}