{"id":3574,"date":"2024-05-26T20:27:22","date_gmt":"2024-05-26T19:27:22","guid":{"rendered":"https:\/\/bilaportrety.eu\/?post_type=product&#038;p=3574"},"modified":"2024-05-26T20:27:22","modified_gmt":"2024-05-26T19:27:22","slug":"nocni-tajemstvi-2024-akryl-na-platne-20x20-cm","status":"publish","type":"product","link":"https:\/\/bilaportrety.eu\/cs\/product\/nocni-tajemstvi-2024-akryl-na-platne-20x20-cm\/","title":{"rendered":",,No\u010dn\u00ed tajemstv\u00ed&#8220; (2024) akryl na pl\u00e1tn\u011b 20&#215;20 cm"},"content":{"rendered":"","protected":false},"excerpt":{"rendered":"","protected":false},"featured_media":3575,"template":"","meta":{"om_disable_all_campaigns":false,"site-sidebar-layout":"default","site-content-layout":"default","ast-global-header-display":"","ast-main-header-display":"","ast-hfb-above-header-display":"","ast-hfb-below-header-display":"","ast-hfb-mobile-header-display":"","site-post-title":"","ast-breadcrumbs-content":"","ast-featured-img":"","footer-sml-layout":"","theme-transparent-header-meta":"default","adv-header-id-meta":"","stick-header-meta":"","header-above-stick-meta":"","header-main-stick-meta":"","header-below-stick-meta":""},"product_cat":[36],"product_tag":[],"class_list":["post-3574","product","type-product","status-publish","has-post-thumbnail","hentry","product_cat-akryl","desktop-align-left","tablet-align-left","mobile-align-left"],"aioseo_notices":[],"_links":{"self":[{"href":"https:\/\/bilaportrety.eu\/cs\/wp-json\/wp\/v2\/product\/3574","targetHints":{"allow":["GET"]}}],"collection":[{"href":"https:\/\/bilaportrety.eu\/cs\/wp-json\/wp\/v2\/product"}],"about":[{"href":"https:\/\/bilaportrety.eu\/cs\/wp-json\/wp\/v2\/types\/product"}],"version-history":[{"count":2,"href":"https:\/\/bilaportrety.eu\/cs\/wp-json\/wp\/v2\/product\/3574\/revisions"}],"predecessor-version":[{"id":3577,"href":"https:\/\/bilaportrety.eu\/cs\/wp-json\/wp\/v2\/product\/3574\/revisions\/3577"}],"wp:featuredmedia":[{"embeddable":true,"href":"https:\/\/bilaportrety.eu\/cs\/wp-json\/wp\/v2\/media\/3575"}],"wp:attachment":[{"href":"https:\/\/bilaportrety.eu\/cs\/wp-json\/wp\/v2\/media?parent=3574"}],"wp:term":[{"taxonomy":"product_cat","embeddable":true,"href":"https:\/\/bilaportrety.eu\/cs\/wp-json\/wp\/v2\/product_cat?post=3574"},{"taxonomy":"product_tag","embeddable":true,"href":"https:\/\/bilaportrety.eu\/cs\/wp-json\/wp\/v2\/product_tag?post=3574"}],"curies":[{"name":"wp","href":"https:\/\/api.w.org\/{rel}","templated":true}]}}