{"id":357,"date":"2021-08-18T07:22:03","date_gmt":"2021-08-18T07:22:03","guid":{"rendered":"http:\/\/beta.bilaportrety.eu\/contact\/"},"modified":"2023-01-07T14:33:30","modified_gmt":"2023-01-07T13:33:30","slug":"kontakt","status":"publish","type":"page","link":"https:\/\/bilaportrety.eu\/en\/kontakt\/","title":{"rendered":"Kontakt"},"content":{"rendered":"<div data-elementor-type=\"wp-page\" data-elementor-id=\"357\" class=\"elementor elementor-357\">\n\t\t\t\t\t\t\t\t\t<section class=\"has_ma_el_bg_slider elementor-section elementor-top-section elementor-element elementor-element-06d9883 elementor-section-boxed elementor-section-height-default elementor-section-height-default jltma-glass-effect-no\" data-id=\"06d9883\" data-element_type=\"section\" data-settings=\"{&quot;background_background&quot;:&quot;classic&quot;}\">\n\t\t\t\t\t\t<div class=\"elementor-container elementor-column-gap-default\">\n\t\t\t\t\t<div class=\"has_ma_el_bg_slider elementor-column elementor-col-100 elementor-top-column elementor-element elementor-element-012f940 jltma-glass-effect-no\" data-id=\"012f940\" data-element_type=\"column\">\n\t\t\t<div class=\"elementor-widget-wrap elementor-element-populated\">\n\t\t\t\t\t\t\t\t<div class=\"elementor-element elementor-element-d7d7ba5 jltma-glass-effect-no elementor-widget elementor-widget-image\" data-id=\"d7d7ba5\" data-element_type=\"widget\" data-widget_type=\"image.default\">\n\t\t\t\t<div class=\"elementor-widget-container\">\n\t\t\t<style>\/*! elementor - v3.7.8 - 02-10-2022 *\/\n.elementor-widget-image{text-align:center}.elementor-widget-image a{display:inline-block}.elementor-widget-image a img[src$=\".svg\"]{width:48px}.elementor-widget-image img{vertical-align:middle;display:inline-block}<\/style>\t\t\t\t\t\t\t\t\t\t\t\t<img loading=\"lazy\" decoding=\"async\" width=\"2443\" height=\"916\" src=\"https:\/\/bilaportrety.eu\/wp-content\/uploads\/2022\/12\/uvodniFotka.jpg\" class=\"attachment-full size-full\" alt=\"\u00davodn\u00ed obr\u00e1zek\" srcset=\"https:\/\/bilaportrety.eu\/wp-content\/uploads\/2022\/12\/uvodniFotka.jpg 2443w, https:\/\/bilaportrety.eu\/wp-content\/uploads\/2022\/12\/uvodniFotka-300x112.jpg 300w, https:\/\/bilaportrety.eu\/wp-content\/uploads\/2022\/12\/uvodniFotka-1024x384.jpg 1024w, https:\/\/bilaportrety.eu\/wp-content\/uploads\/2022\/12\/uvodniFotka-768x288.jpg 768w, https:\/\/bilaportrety.eu\/wp-content\/uploads\/2022\/12\/uvodniFotka-1536x576.jpg 1536w, https:\/\/bilaportrety.eu\/wp-content\/uploads\/2022\/12\/uvodniFotka-2048x768.jpg 2048w, https:\/\/bilaportrety.eu\/wp-content\/uploads\/2022\/12\/uvodniFotka-18x7.jpg 18w, https:\/\/bilaportrety.eu\/wp-content\/uploads\/2022\/12\/uvodniFotka-600x225.jpg 600w\" sizes=\"auto, (max-width: 2443px) 100vw, 2443px\" \/>\t\t\t\t\t\t\t\t\t\t\t\t\t\t\t<\/div>\n\t\t\t\t<\/div>\n\t\t\t\t\t<\/div>\n\t\t<\/div>\n\t\t\t\t\t\t\t<\/div>\n\t\t<\/section>\n\t\t\t\t<section class=\"has_ma_el_bg_slider elementor-section elementor-top-section elementor-element elementor-element-7e5a0d93 elementor-section-boxed elementor-section-height-default elementor-section-height-default jltma-glass-effect-no\" data-id=\"7e5a0d93\" data-element_type=\"section\" data-settings=\"{&quot;background_background&quot;:&quot;classic&quot;}\">\n\t\t\t\t\t\t<div class=\"elementor-container elementor-column-gap-default\">\n\t\t\t\t\t<div class=\"has_ma_el_bg_slider elementor-column elementor-col-100 elementor-top-column elementor-element elementor-element-6cbbbe48 jltma-glass-effect-no\" data-id=\"6cbbbe48\" data-element_type=\"column\">\n\t\t\t<div class=\"elementor-widget-wrap elementor-element-populated\">\n\t\t\t\t\t\t\t\t<div class=\"elementor-element elementor-element-7c42079 elementor-hidden-tablet elementor-hidden-mobile jltma-menu-alignment-center jltma-icon-position-right jltma-dropdown-breakpoints-tablet jltma-dropdown-align-flex-start jltma-toggle-view-stacked jltma-toggle-shape-square jltma-main-menu-item-border-type-default jltma-dropdown-border-type-default jltma-dropdown-main-level-border-type-default jltma-dropdown-item-border-type-default jltma-pointer-none jltma-glass-effect-no elementor-widget elementor-widget-ma-navmenu\" data-id=\"7c42079\" data-element_type=\"widget\" data-settings=\"{&quot;layout&quot;:&quot;horizontal&quot;,&quot;dropdown_breakpoints&quot;:&quot;tablet&quot;}\" data-widget_type=\"ma-navmenu.default\">\n\t\t\t\t<div class=\"elementor-widget-container\">\n\t\t\t<nav class=\"jltma-nav-menu__main jltma-nav-menu__container default-main-icon-hide  jltma-layout-horizontal\" data-icon-main=\"fas fa-chevron-down\" data-icon-sub=\"\"><ul id=\"menu-1-7c42079\" class=\"jltma-nav-menu__container-inner\"><li id=\"menu-item-150\" class=\"menu-item menu-item-type-post_type menu-item-object-page menu-item-home menu-item-150\"><a href=\"https:\/\/bilaportrety.eu\/en\/\" class=\"jltma-nav-menu__dropdown-item jltma-nav-menu__item-link-top menu-link\">Dom\u016f<span class=\"jltma-animation\"><\/span><\/a><\/li>\n<li id=\"menu-item-1418\" class=\"menu-item menu-item-type-post_type menu-item-object-page menu-item-has-children menu-item-1418\"><a href=\"https:\/\/bilaportrety.eu\/en\/galerie\/\" class=\"jltma-nav-menu__dropdown-item jltma-nav-menu__item-link-top menu-link\">Galerie<span role=\"presentation\" class=\"dropdown-menu-toggle\" ><\/span><span class=\"jltma-animation\"><\/span><\/a>\n<ul class=\"sub-menu jltma-nav-menu__dropdown-submenu\">\n\t<li id=\"menu-item-1423\" class=\"menu-item menu-item-type-post_type menu-item-object-page menu-item-1423\"><a href=\"https:\/\/bilaportrety.eu\/en\/olejomalba\/\" class=\"jltma-nav-menu__dropdown-item-sub jltma-nav-menu__item-link-sub menu-link\">Olejomalba<span class=\"jltma-animation\"><\/span><\/a><\/li>\n\t<li id=\"menu-item-1417\" class=\"menu-item menu-item-type-post_type menu-item-object-page menu-item-1417\"><a href=\"https:\/\/bilaportrety.eu\/en\/akryl\/\" class=\"jltma-nav-menu__dropdown-item-sub jltma-nav-menu__item-link-sub menu-link\">Akryl<span class=\"jltma-animation\"><\/span><\/a><\/li>\n\t<li id=\"menu-item-1415\" class=\"menu-item menu-item-type-post_type menu-item-object-page menu-item-1415\"><a href=\"https:\/\/bilaportrety.eu\/en\/muchlaze\/\" class=\"jltma-nav-menu__dropdown-item-sub jltma-nav-menu__item-link-sub menu-link\">Muchl\u00e1\u017ee<span class=\"jltma-animation\"><\/span><\/a><\/li>\n\t<li id=\"menu-item-1414\" class=\"menu-item menu-item-type-post_type menu-item-object-page menu-item-1414\"><a href=\"https:\/\/bilaportrety.eu\/en\/portrety\/\" class=\"jltma-nav-menu__dropdown-item-sub jltma-nav-menu__item-link-sub menu-link\">Portr\u00e9ty<span class=\"jltma-animation\"><\/span><\/a><\/li>\n\t<li id=\"menu-item-3093\" class=\"menu-item menu-item-type-post_type menu-item-object-page menu-item-3093\"><a href=\"https:\/\/bilaportrety.eu\/en\/hedvabi\/\" class=\"jltma-nav-menu__dropdown-item-sub jltma-nav-menu__item-link-sub menu-link\">Hedv\u00e1b\u00ed<span class=\"jltma-animation\"><\/span><\/a><\/li>\n\t<li id=\"menu-item-3094\" class=\"menu-item menu-item-type-post_type menu-item-object-page menu-item-3094\"><a href=\"https:\/\/bilaportrety.eu\/en\/zvirata\/\" class=\"jltma-nav-menu__dropdown-item-sub jltma-nav-menu__item-link-sub menu-link\">Zv\u00ed\u0159ata<span class=\"jltma-animation\"><\/span><\/a><\/li>\n\t<li id=\"menu-item-3095\" class=\"menu-item menu-item-type-post_type menu-item-object-page menu-item-3095\"><a href=\"https:\/\/bilaportrety.eu\/en\/objekty\/\" class=\"jltma-nav-menu__dropdown-item-sub jltma-nav-menu__item-link-sub menu-link\">Objekty<span class=\"jltma-animation\"><\/span><\/a><\/li>\n<\/ul>\n<\/li>\n<li id=\"menu-item-1419\" class=\"menu-item menu-item-type-post_type menu-item-object-page menu-item-1419\"><a href=\"https:\/\/bilaportrety.eu\/en\/vystavy\/\" class=\"jltma-nav-menu__dropdown-item jltma-nav-menu__item-link-top menu-link\">V\u00fdstavy<span class=\"jltma-animation\"><\/span><\/a><\/li>\n<li id=\"menu-item-423\" class=\"menu-item menu-item-type-post_type menu-item-object-page menu-item-423\"><a href=\"https:\/\/bilaportrety.eu\/en\/o-autorce\/\" class=\"jltma-nav-menu__dropdown-item jltma-nav-menu__item-link-top menu-link\">O autorce<span class=\"jltma-animation\"><\/span><\/a><\/li>\n<li id=\"menu-item-424\" class=\"menu-item menu-item-type-post_type menu-item-object-page menu-item-424\"><a href=\"https:\/\/bilaportrety.eu\/en\/kontakt\/\" class=\"jltma-nav-menu__dropdown-item jltma-nav-menu__item-link-top menu-link\">Kontakt<span class=\"jltma-animation\"><\/span><\/a><\/li>\n<li id=\"menu-item-1428\" class=\"trp-language-switcher-container menu-item menu-item-type-post_type menu-item-object-language_switcher menu-item-1428\"><a href=\"https:\/\/bilaportrety.eu\/cs\/wp-json\/wp\/v2\/pages\/357\/\" class=\"jltma-nav-menu__dropdown-item jltma-nav-menu__item-anchor jltma-nav-menu__item-link-top menu-link\"><span data-no-translation><img loading=\"lazy\" decoding=\"async\" class=\"trp-flag-image\" src=\"https:\/\/bilaportrety.eu\/wp-content\/plugins\/translatepress-multilingual\/assets\/images\/flags\/cs_CZ.png\" width=\"18\" height=\"12\" alt=\"cs_CZ\" title=\"\u010ce\u0161tina\"><span class=\"trp-ls-language-name\">CS<\/span><\/span><span class=\"jltma-animation\"><\/span><\/a><\/li>\n<\/ul><\/nav><div class=\"jltma-nav-menu__toggle-container jltma-layout-horizontal jltma-menu-dropdown-type-\"><div class=\"jltma-nav-menu__toggle\"><span class=\"jltma-toggle-icon\"><i class=\"eicon-menu-bar\"><\/i><\/span><span class=\"jltma-toggle-icon-active\"><i class=\"eicon-close\"><\/i><\/span><\/div><\/div><nav class=\"jltma-nav-menu__dropdown jltma-nav-menu__container jltma-layout-horizontal jltma-menu-dropdown-type- jltma-arrow-animation-\" data-icon-sub=\"\"><ul id=\"jltma_menu-4-7c42079\" class=\"jltma-nav-menu__container-inner jltma-nav-menu-dropdown\"><li class=\"menu-item menu-item-type-post_type menu-item-object-page menu-item-home menu-item-150\"><a href=\"https:\/\/bilaportrety.eu\/en\/\" class=\"menu-link\">Dom\u016f<\/a><\/li>\n<li class=\"menu-item menu-item-type-post_type menu-item-object-page menu-item-has-children menu-item-1418\"><a href=\"https:\/\/bilaportrety.eu\/en\/galerie\/\" class=\"menu-link\">Galerie<span role=\"presentation\" class=\"dropdown-menu-toggle\" ><\/span><\/a>\n<ul class=\"sub-menu\">\n\t<li class=\"menu-item menu-item-type-post_type menu-item-object-page menu-item-1423\"><a href=\"https:\/\/bilaportrety.eu\/en\/olejomalba\/\" class=\"menu-link\">Olejomalba<\/a><\/li>\n\t<li class=\"menu-item menu-item-type-post_type menu-item-object-page menu-item-1417\"><a href=\"https:\/\/bilaportrety.eu\/en\/akryl\/\" class=\"menu-link\">Akryl<\/a><\/li>\n\t<li class=\"menu-item menu-item-type-post_type menu-item-object-page menu-item-1415\"><a href=\"https:\/\/bilaportrety.eu\/en\/muchlaze\/\" class=\"menu-link\">Muchl\u00e1\u017ee<\/a><\/li>\n\t<li class=\"menu-item menu-item-type-post_type menu-item-object-page menu-item-1414\"><a href=\"https:\/\/bilaportrety.eu\/en\/portrety\/\" class=\"menu-link\">Portr\u00e9ty<\/a><\/li>\n\t<li class=\"menu-item menu-item-type-post_type menu-item-object-page menu-item-3093\"><a href=\"https:\/\/bilaportrety.eu\/en\/hedvabi\/\" class=\"menu-link\">Hedv\u00e1b\u00ed<\/a><\/li>\n\t<li class=\"menu-item menu-item-type-post_type menu-item-object-page menu-item-3094\"><a href=\"https:\/\/bilaportrety.eu\/en\/zvirata\/\" class=\"menu-link\">Zv\u00ed\u0159ata<\/a><\/li>\n\t<li class=\"menu-item menu-item-type-post_type menu-item-object-page menu-item-3095\"><a href=\"https:\/\/bilaportrety.eu\/en\/objekty\/\" class=\"menu-link\">Objekty<\/a><\/li>\n<\/ul>\n<\/li>\n<li class=\"menu-item menu-item-type-post_type menu-item-object-page menu-item-1419\"><a href=\"https:\/\/bilaportrety.eu\/en\/vystavy\/\" class=\"menu-link\">V\u00fdstavy<\/a><\/li>\n<li class=\"menu-item menu-item-type-post_type menu-item-object-page menu-item-423\"><a href=\"https:\/\/bilaportrety.eu\/en\/o-autorce\/\" class=\"menu-link\">O autorce<\/a><\/li>\n<li class=\"menu-item menu-item-type-post_type menu-item-object-page menu-item-424\"><a href=\"https:\/\/bilaportrety.eu\/en\/kontakt\/\" class=\"menu-link\">Kontakt<\/a><\/li>\n<li class=\"trp-language-switcher-container menu-item menu-item-type-post_type menu-item-object-language_switcher menu-item-1428\"><a href=\"https:\/\/bilaportrety.eu\/cs\/wp-json\/wp\/v2\/pages\/357\/\" class=\"menu-link\"><span data-no-translation><img loading=\"lazy\" decoding=\"async\" class=\"trp-flag-image\" src=\"https:\/\/bilaportrety.eu\/wp-content\/plugins\/translatepress-multilingual\/assets\/images\/flags\/cs_CZ.png\" width=\"18\" height=\"12\" alt=\"cs_CZ\" title=\"\u010ce\u0161tina\"><span class=\"trp-ls-language-name\">CS<\/span><\/span><\/a><\/li>\n<\/ul><\/nav>\t\t<\/div>\n\t\t\t\t<\/div>\n\t\t\t\t\t<\/div>\n\t\t<\/div>\n\t\t\t\t\t\t\t<\/div>\n\t\t<\/section>\n\t\t\t\t<section class=\"has_ma_el_bg_slider elementor-section elementor-top-section elementor-element elementor-element-eba26a1 elementor-section-boxed elementor-section-height-default elementor-section-height-default jltma-glass-effect-no\" data-id=\"eba26a1\" data-element_type=\"section\" data-settings=\"{&quot;background_background&quot;:&quot;classic&quot;}\">\n\t\t\t\t\t\t<div class=\"elementor-container elementor-column-gap-no\">\n\t\t\t\t\t<div class=\"has_ma_el_bg_slider elementor-column elementor-col-50 elementor-top-column elementor-element elementor-element-c7b4aa8 jltma-glass-effect-no\" data-id=\"c7b4aa8\" data-element_type=\"column\">\n\t\t\t<div class=\"elementor-widget-wrap elementor-element-populated\">\n\t\t\t\t\t\t\t\t<div class=\"elementor-element elementor-element-99cc149 jltma-glass-effect-no elementor-widget elementor-widget-heading\" data-id=\"99cc149\" data-element_type=\"widget\" data-widget_type=\"heading.default\">\n\t\t\t\t<div class=\"elementor-widget-container\">\n\t\t\t<style>\/*! elementor - v3.7.8 - 02-10-2022 *\/\n.elementor-heading-title{padding:0;margin:0;line-height:1}.elementor-widget-heading .elementor-heading-title[class*=elementor-size-]>a{color:inherit;font-size:inherit;line-height:inherit}.elementor-widget-heading .elementor-heading-title.elementor-size-small{font-size:15px}.elementor-widget-heading .elementor-heading-title.elementor-size-medium{font-size:19px}.elementor-widget-heading .elementor-heading-title.elementor-size-large{font-size:29px}.elementor-widget-heading .elementor-heading-title.elementor-size-xl{font-size:39px}.elementor-widget-heading .elementor-heading-title.elementor-size-xxl{font-size:59px}<\/style><h1 class=\"elementor-heading-title elementor-size-default\">Kontakt<\/h1>\t\t<\/div>\n\t\t\t\t<\/div>\n\t\t\t\t<div class=\"elementor-element elementor-element-96404e0 jltma-glass-effect-no elementor-widget elementor-widget-text-editor\" data-id=\"96404e0\" data-element_type=\"widget\" data-widget_type=\"text-editor.default\">\n\t\t\t\t<div class=\"elementor-widget-container\">\n\t\t\t<style>\/*! elementor - v3.7.8 - 02-10-2022 *\/\n.elementor-widget-text-editor.elementor-drop-cap-view-stacked .elementor-drop-cap{background-color:#818a91;color:#fff}.elementor-widget-text-editor.elementor-drop-cap-view-framed .elementor-drop-cap{color:#818a91;border:3px solid;background-color:transparent}.elementor-widget-text-editor:not(.elementor-drop-cap-view-default) .elementor-drop-cap{margin-top:8px}.elementor-widget-text-editor:not(.elementor-drop-cap-view-default) .elementor-drop-cap-letter{width:1em;height:1em}.elementor-widget-text-editor .elementor-drop-cap{float:left;text-align:center;line-height:1;font-size:50px}.elementor-widget-text-editor .elementor-drop-cap-letter{display:inline-block}<\/style>\t\t\t\t\t\t\t\t\t\t<\/div>\n\t\t\t\t<\/div>\n\t\t\t\t<div class=\"elementor-element elementor-element-e0adf6b elementor-position-left elementor-view-default elementor-mobile-position-top elementor-vertical-align-top jltma-glass-effect-no elementor-widget elementor-widget-icon-box\" data-id=\"e0adf6b\" data-element_type=\"widget\" data-widget_type=\"icon-box.default\">\n\t\t\t\t<div class=\"elementor-widget-container\">\n\t\t\t<link rel=\"stylesheet\" href=\"https:\/\/bilaportrety.eu\/wp-content\/uploads\/elementor\/css\/custom-widget-icon-box.min.css?ver=1672342300\">\t\t<div class=\"elementor-icon-box-wrapper\">\n\t\t\t\t\t\t<div class=\"elementor-icon-box-icon\">\n\t\t\t\t<a class=\"elementor-icon elementor-animation-\" href=\"https:\/\/www.facebook.com\/profile.php?id=100063662944691\">\n\t\t\t\t<i aria-hidden=\"true\" class=\"fab fa-facebook\"><\/i>\t\t\t\t<\/a>\n\t\t\t<\/div>\n\t\t\t\t\t\t<div class=\"elementor-icon-box-content\">\n\t\t\t\t<h6 class=\"elementor-icon-box-title\">\n\t\t\t\t\t<a href=\"https:\/\/www.facebook.com\/profile.php?id=100063662944691\" >\n\t\t\t\t\t\tFacebook\t\t\t\t\t<\/a>\n\t\t\t\t<\/h6>\n\t\t\t\t\t\t\t\t\t<p class=\"elementor-icon-box-description\">\n\t\t\t\t\t\tStanislava B\u00edl\u00e1\t\t\t\t\t<\/p>\n\t\t\t\t\t\t\t<\/div>\n\t\t<\/div>\n\t\t\t\t<\/div>\n\t\t\t\t<\/div>\n\t\t\t\t<div class=\"elementor-element elementor-element-b75138d elementor-position-left elementor-view-default elementor-mobile-position-top elementor-vertical-align-top jltma-glass-effect-no elementor-widget elementor-widget-icon-box\" data-id=\"b75138d\" data-element_type=\"widget\" data-widget_type=\"icon-box.default\">\n\t\t\t\t<div class=\"elementor-widget-container\">\n\t\t\t\t\t<div class=\"elementor-icon-box-wrapper\">\n\t\t\t\t\t\t<div class=\"elementor-icon-box-icon\">\n\t\t\t\t<span class=\"elementor-icon elementor-animation-\" >\n\t\t\t\t<i aria-hidden=\"true\" class=\"fas fa-phone\"><\/i>\t\t\t\t<\/span>\n\t\t\t<\/div>\n\t\t\t\t\t\t<div class=\"elementor-icon-box-content\">\n\t\t\t\t<h6 class=\"elementor-icon-box-title\">\n\t\t\t\t\t<span  >\n\t\t\t\t\t\tTelefon\t\t\t\t\t<\/span>\n\t\t\t\t<\/h6>\n\t\t\t\t\t\t\t\t\t<p class=\"elementor-icon-box-description\">\n\t\t\t\t\t\t+420 722 967 693\t\t\t\t\t<\/p>\n\t\t\t\t\t\t\t<\/div>\n\t\t<\/div>\n\t\t\t\t<\/div>\n\t\t\t\t<\/div>\n\t\t\t\t<div class=\"elementor-element elementor-element-59b1b2e elementor-position-left elementor-view-default elementor-mobile-position-top elementor-vertical-align-top jltma-glass-effect-no elementor-widget elementor-widget-icon-box\" data-id=\"59b1b2e\" data-element_type=\"widget\" data-widget_type=\"icon-box.default\">\n\t\t\t\t<div class=\"elementor-widget-container\">\n\t\t\t\t\t<div class=\"elementor-icon-box-wrapper\">\n\t\t\t\t\t\t<div class=\"elementor-icon-box-icon\">\n\t\t\t\t<a class=\"elementor-icon elementor-animation-\" href=\"mailto:bila.portrety@seznam.cz\">\n\t\t\t\t<i aria-hidden=\"true\" class=\"fas fa-envelope\"><\/i>\t\t\t\t<\/a>\n\t\t\t<\/div>\n\t\t\t\t\t\t<div class=\"elementor-icon-box-content\">\n\t\t\t\t<h6 class=\"elementor-icon-box-title\">\n\t\t\t\t\t<a href=\"mailto:bila.portrety@seznam.cz\" >\n\t\t\t\t\t\tEmail\t\t\t\t\t<\/a>\n\t\t\t\t<\/h6>\n\t\t\t\t\t\t\t\t\t<p class=\"elementor-icon-box-description\">\n\t\t\t\t\t\tbila.portrety@seznam.cz\t\t\t\t\t<\/p>\n\t\t\t\t\t\t\t<\/div>\n\t\t<\/div>\n\t\t\t\t<\/div>\n\t\t\t\t<\/div>\n\t\t\t\t\t<\/div>\n\t\t<\/div>\n\t\t\t\t<div class=\"has_ma_el_bg_slider elementor-column elementor-col-50 elementor-top-column elementor-element elementor-element-44e94bf jltma-glass-effect-no\" data-id=\"44e94bf\" data-element_type=\"column\">\n\t\t\t<div class=\"elementor-widget-wrap elementor-element-populated\">\n\t\t\t\t\t\t\t\t<div class=\"elementor-element elementor-element-f7c4d3b jltma-glass-effect-no elementor-widget elementor-widget-wpforms\" data-id=\"f7c4d3b\" data-element_type=\"widget\" data-widget_type=\"wpforms.default\">\n\t\t\t\t<div class=\"elementor-widget-container\">\n\t\t\t<div class=\"wpforms-container\" id=\"wpforms-1342\"><form id=\"wpforms-form-1342\" class=\"wpforms-validate wpforms-form wpforms-ajax-form\" data-formid=\"1342\" method=\"post\" enctype=\"multipart\/form-data\" action=\"\/en\/wp-json\/wp\/v2\/pages\/357\" data-token=\"396fef1bfb867a8a1bd59ffcea615069\" data-trp-original-action=\"\/en\/wp-json\/wp\/v2\/pages\/357\"><noscript class=\"wpforms-error-noscript\" data-no-translation=\"\" data-trp-gettext=\"\">Please enable JavaScript in your browser to complete this form.<\/noscript><div class=\"wpforms-field-container\"><div id=\"wpforms-1342-field_1-container\" class=\"wpforms-field wpforms-field-email\" data-field-id=\"1\"><label class=\"wpforms-field-label\" for=\"wpforms-1342-field_1\">V\u00e1\u0161 Email <span class=\"wpforms-required-label\">*<\/span><\/label><input type=\"email\" id=\"wpforms-1342-field_1\" class=\"wpforms-field-medium wpforms-field-required\" name=\"wpforms[fields][1]\" required><\/div><div id=\"wpforms-1342-field_0-container\" class=\"wpforms-field wpforms-field-name\" data-field-id=\"0\"><label class=\"wpforms-field-label\" for=\"wpforms-1342-field_0\">P\u0159edm\u011bt <span class=\"wpforms-required-label\">*<\/span><\/label><input type=\"text\" id=\"wpforms-1342-field_0\" class=\"wpforms-field-medium wpforms-field-required\" name=\"wpforms[fields][0]\" required><\/div><div id=\"wpforms-1342-field_2-container\" class=\"wpforms-field wpforms-field-textarea\" data-field-id=\"2\"><label class=\"wpforms-field-label\" for=\"wpforms-1342-field_2\">Zpr\u00e1va <span class=\"wpforms-required-label\">*<\/span><\/label><textarea id=\"wpforms-1342-field_2\" class=\"wpforms-field-medium wpforms-field-required\" name=\"wpforms[fields][2]\" required><\/textarea><\/div><\/div><div class=\"wpforms-recaptcha-container wpforms-is-recaptcha\"><div class=\"g-recaptcha\" data-sitekey=\"6LenKLkjAAAAAA-h9DLvZw_lXNnmDRVtqmrCKaVj\"><\/div><input type=\"text\" name=\"g-recaptcha-hidden\" class=\"wpforms-recaptcha-hidden\" style=\"position:absolute!important;clip:rect(0,0,0,0)!important;height:1px!important;width:1px!important;border:0!important;overflow:hidden!important;padding:0!important;margin:0!important;\" required><\/div><div class=\"wpforms-submit-container\"><input type=\"hidden\" name=\"wpforms[id]\" value=\"1342\"><input type=\"hidden\" name=\"wpforms[author]\" value=\"1\"><button type=\"submit\" name=\"wpforms[submit]\" id=\"wpforms-submit-1342\" class=\"wpforms-submit\" data-alt-text=\"Odes\u00edl\u00e1n\u00ed...\" data-submit-text=\"Odeslat\" aria-live=\"assertive\" value=\"wpforms-submit\">Odeslat<\/button><img loading=\"lazy\" decoding=\"async\" src=\"https:\/\/bilaportrety.eu\/wp-content\/plugins\/wpforms-lite\/assets\/images\/submit-spin.svg\" class=\"wpforms-submit-spinner\" style=\"display: none;\" width=\"26\" height=\"26\" alt=\"Loading\" data-no-translation-alt=\"\"><\/div><input type=\"hidden\" name=\"trp-form-language\" value=\"en\"\/><\/form><\/div>  <!-- .wpforms-container -->\t\t<\/div>\n\t\t\t\t<\/div>\n\t\t\t\t\t<\/div>\n\t\t<\/div>\n\t\t\t\t\t\t\t<\/div>\n\t\t<\/section>\n\t\t\t\t\t\t\t<\/div>","protected":false},"excerpt":{"rendered":"<p>Kontakt Facebook Stanislava B\u00edl\u00e1 Telefon +420 722 967 693 Email bila.portrety@seznam.cz<\/p>","protected":false},"author":1,"featured_media":0,"parent":0,"menu_order":0,"comment_status":"closed","ping_status":"closed","template":"","meta":{"om_disable_all_campaigns":false,"site-sidebar-layout":"no-sidebar","site-content-layout":"page-builder","ast-global-header-display":"","ast-main-header-display":"","ast-hfb-above-header-display":"","ast-hfb-below-header-display":"","ast-hfb-mobile-header-display":"","site-post-title":"disabled","ast-breadcrumbs-content":"disabled","ast-featured-img":"disabled","footer-sml-layout":"","theme-transparent-header-meta":"default","adv-header-id-meta":"","stick-header-meta":"","header-above-stick-meta":"","header-main-stick-meta":"","header-below-stick-meta":"","footnotes":""},"class_list":["post-357","page","type-page","status-publish","hentry"],"aioseo_notices":[],"_links":{"self":[{"href":"https:\/\/bilaportrety.eu\/en\/wp-json\/wp\/v2\/pages\/357","targetHints":{"allow":["GET"]}}],"collection":[{"href":"https:\/\/bilaportrety.eu\/en\/wp-json\/wp\/v2\/pages"}],"about":[{"href":"https:\/\/bilaportrety.eu\/en\/wp-json\/wp\/v2\/types\/page"}],"author":[{"embeddable":true,"href":"https:\/\/bilaportrety.eu\/en\/wp-json\/wp\/v2\/users\/1"}],"replies":[{"embeddable":true,"href":"https:\/\/bilaportrety.eu\/en\/wp-json\/wp\/v2\/comments?post=357"}],"version-history":[{"count":38,"href":"https:\/\/bilaportrety.eu\/en\/wp-json\/wp\/v2\/pages\/357\/revisions"}],"predecessor-version":[{"id":3246,"href":"https:\/\/bilaportrety.eu\/en\/wp-json\/wp\/v2\/pages\/357\/revisions\/3246"}],"wp:attachment":[{"href":"https:\/\/bilaportrety.eu\/en\/wp-json\/wp\/v2\/media?parent=357"}],"curies":[{"name":"wp","href":"https:\/\/api.w.org\/{rel}","templated":true}]}}