{"id":1626,"date":"2022-11-23T16:58:17","date_gmt":"2022-11-23T15:58:17","guid":{"rendered":"http:\/\/beta.bilaportrety.eu\/?post_type=product&#038;p=1626"},"modified":"2023-11-23T22:46:38","modified_gmt":"2023-11-23T21:46:38","slug":"cervene-tulipany-80x80cm","status":"publish","type":"product","link":"https:\/\/bilaportrety.eu\/en\/product\/cervene-tulipany-80x80cm\/","title":{"rendered":",,\u010cerven\u00e9 tulip\u00e1ny, sp\u00ed\u0161 m\u00e1ky :-)&#8220; \/2022\/akryl na kartonu 80x80cm"},"content":{"rendered":"<p>80&#215;80 cm<\/p>","protected":false},"excerpt":{"rendered":"<p>80&#215;80 cm<\/p>","protected":false},"featured_media":1623,"template":"","meta":{"om_disable_all_campaigns":false,"site-sidebar-layout":"default","site-content-layout":"default","ast-global-header-display":"","ast-main-header-display":"","ast-hfb-above-header-display":"","ast-hfb-below-header-display":"","ast-hfb-mobile-header-display":"","site-post-title":"","ast-breadcrumbs-content":"","ast-featured-img":"","footer-sml-layout":"","theme-transparent-header-meta":"default","adv-header-id-meta":"","stick-header-meta":"","header-above-stick-meta":"","header-main-stick-meta":"","header-below-stick-meta":""},"product_cat":[36],"product_tag":[],"class_list":["post-1626","product","type-product","status-publish","has-post-thumbnail","hentry","product_cat-akryl","desktop-align-left","tablet-align-left","mobile-align-left"],"aioseo_notices":[],"_links":{"self":[{"href":"https:\/\/bilaportrety.eu\/en\/wp-json\/wp\/v2\/product\/1626","targetHints":{"allow":["GET"]}}],"collection":[{"href":"https:\/\/bilaportrety.eu\/en\/wp-json\/wp\/v2\/product"}],"about":[{"href":"https:\/\/bilaportrety.eu\/en\/wp-json\/wp\/v2\/types\/product"}],"version-history":[{"count":2,"href":"https:\/\/bilaportrety.eu\/en\/wp-json\/wp\/v2\/product\/1626\/revisions"}],"predecessor-version":[{"id":3381,"href":"https:\/\/bilaportrety.eu\/en\/wp-json\/wp\/v2\/product\/1626\/revisions\/3381"}],"wp:featuredmedia":[{"embeddable":true,"href":"https:\/\/bilaportrety.eu\/en\/wp-json\/wp\/v2\/media\/1623"}],"wp:attachment":[{"href":"https:\/\/bilaportrety.eu\/en\/wp-json\/wp\/v2\/media?parent=1626"}],"wp:term":[{"taxonomy":"product_cat","embeddable":true,"href":"https:\/\/bilaportrety.eu\/en\/wp-json\/wp\/v2\/product_cat?post=1626"},{"taxonomy":"product_tag","embeddable":true,"href":"https:\/\/bilaportrety.eu\/en\/wp-json\/wp\/v2\/product_tag?post=1626"}],"curies":[{"name":"wp","href":"https:\/\/api.w.org\/{rel}","templated":true}]}}