{"id":1664,"date":"2022-11-23T17:35:34","date_gmt":"2022-11-23T16:35:34","guid":{"rendered":"http:\/\/beta.bilaportrety.eu\/?post_type=product&#038;p=1664"},"modified":"2023-11-23T22:44:49","modified_gmt":"2023-11-23T21:44:49","slug":"navstevnici-ii","status":"publish","type":"product","link":"https:\/\/bilaportrety.eu\/en\/product\/navstevnici-ii\/","title":{"rendered":",,N\u00e1v\u0161t\u011bvn\u00edci II&#8220; \/2022\/ akryl na kartonu"},"content":{"rendered":"","protected":false},"excerpt":{"rendered":"","protected":false},"featured_media":1648,"template":"","meta":{"om_disable_all_campaigns":false,"site-sidebar-layout":"default","site-content-layout":"default","ast-global-header-display":"","ast-main-header-display":"","ast-hfb-above-header-display":"","ast-hfb-below-header-display":"","ast-hfb-mobile-header-display":"","site-post-title":"","ast-breadcrumbs-content":"","ast-featured-img":"","footer-sml-layout":"","theme-transparent-header-meta":"default","adv-header-id-meta":"","stick-header-meta":"","header-above-stick-meta":"","header-main-stick-meta":"","header-below-stick-meta":""},"product_cat":[36],"product_tag":[],"class_list":["post-1664","product","type-product","status-publish","has-post-thumbnail","hentry","product_cat-akryl","desktop-align-left","tablet-align-left","mobile-align-left"],"aioseo_notices":[],"_links":{"self":[{"href":"https:\/\/bilaportrety.eu\/en\/wp-json\/wp\/v2\/product\/1664","targetHints":{"allow":["GET"]}}],"collection":[{"href":"https:\/\/bilaportrety.eu\/en\/wp-json\/wp\/v2\/product"}],"about":[{"href":"https:\/\/bilaportrety.eu\/en\/wp-json\/wp\/v2\/types\/product"}],"version-history":[{"count":2,"href":"https:\/\/bilaportrety.eu\/en\/wp-json\/wp\/v2\/product\/1664\/revisions"}],"predecessor-version":[{"id":3377,"href":"https:\/\/bilaportrety.eu\/en\/wp-json\/wp\/v2\/product\/1664\/revisions\/3377"}],"wp:featuredmedia":[{"embeddable":true,"href":"https:\/\/bilaportrety.eu\/en\/wp-json\/wp\/v2\/media\/1648"}],"wp:attachment":[{"href":"https:\/\/bilaportrety.eu\/en\/wp-json\/wp\/v2\/media?parent=1664"}],"wp:term":[{"taxonomy":"product_cat","embeddable":true,"href":"https:\/\/bilaportrety.eu\/en\/wp-json\/wp\/v2\/product_cat?post=1664"},{"taxonomy":"product_tag","embeddable":true,"href":"https:\/\/bilaportrety.eu\/en\/wp-json\/wp\/v2\/product_tag?post=1664"}],"curies":[{"name":"wp","href":"https:\/\/api.w.org\/{rel}","templated":true}]}}