{"id":1697,"date":"2022-11-23T18:53:49","date_gmt":"2022-11-23T17:53:49","guid":{"rendered":"http:\/\/beta.bilaportrety.eu\/?post_type=product&#038;p=1697"},"modified":"2023-01-26T12:29:32","modified_gmt":"2023-01-26T11:29:32","slug":"ohar","status":"publish","type":"product","link":"https:\/\/bilaportrety.eu\/en\/product\/ohar\/","title":{"rendered":",,Oha\u0159&#8220; akryl na MDF, r\u00e1m"},"content":{"rendered":"<p>Akryl na pl\u00e1tn\u011b, r\u00e1m<\/p>","protected":false},"excerpt":{"rendered":"<p>Akryl na pl\u00e1tn\u011b, r\u00e1m<\/p>","protected":false},"featured_media":1635,"template":"","meta":{"om_disable_all_campaigns":false,"site-sidebar-layout":"default","site-content-layout":"default","ast-global-header-display":"","ast-main-header-display":"","ast-hfb-above-header-display":"","ast-hfb-below-header-display":"","ast-hfb-mobile-header-display":"","site-post-title":"","ast-breadcrumbs-content":"","ast-featured-img":"","footer-sml-layout":"","theme-transparent-header-meta":"default","adv-header-id-meta":"","stick-header-meta":"","header-above-stick-meta":"","header-main-stick-meta":"","header-below-stick-meta":""},"product_cat":[36,39,47],"product_tag":[],"class_list":["post-1697","product","type-product","status-publish","has-post-thumbnail","hentry","product_cat-akryl","product_cat-portrety","product_cat-zvirata","desktop-align-left","tablet-align-left","mobile-align-left"],"aioseo_notices":[],"_links":{"self":[{"href":"https:\/\/bilaportrety.eu\/en\/wp-json\/wp\/v2\/product\/1697","targetHints":{"allow":["GET"]}}],"collection":[{"href":"https:\/\/bilaportrety.eu\/en\/wp-json\/wp\/v2\/product"}],"about":[{"href":"https:\/\/bilaportrety.eu\/en\/wp-json\/wp\/v2\/types\/product"}],"version-history":[{"count":3,"href":"https:\/\/bilaportrety.eu\/en\/wp-json\/wp\/v2\/product\/1697\/revisions"}],"predecessor-version":[{"id":3169,"href":"https:\/\/bilaportrety.eu\/en\/wp-json\/wp\/v2\/product\/1697\/revisions\/3169"}],"wp:featuredmedia":[{"embeddable":true,"href":"https:\/\/bilaportrety.eu\/en\/wp-json\/wp\/v2\/media\/1635"}],"wp:attachment":[{"href":"https:\/\/bilaportrety.eu\/en\/wp-json\/wp\/v2\/media?parent=1697"}],"wp:term":[{"taxonomy":"product_cat","embeddable":true,"href":"https:\/\/bilaportrety.eu\/en\/wp-json\/wp\/v2\/product_cat?post=1697"},{"taxonomy":"product_tag","embeddable":true,"href":"https:\/\/bilaportrety.eu\/en\/wp-json\/wp\/v2\/product_tag?post=1697"}],"curies":[{"name":"wp","href":"https:\/\/api.w.org\/{rel}","templated":true}]}}