{"id":1719,"date":"2022-11-23T19:32:53","date_gmt":"2022-11-23T19:32:53","guid":{"rendered":"http:\/\/beta.bilaportrety.eu\/?post_type=product&#038;p=1719"},"modified":"2024-04-25T18:13:28","modified_gmt":"2024-04-25T17:13:28","slug":"podzim","status":"publish","type":"product","link":"https:\/\/bilaportrety.eu\/en\/product\/podzim\/","title":{"rendered":",,Podzim&#8220; 2013, 110&#215;85 cm akryl na kartonu"},"content":{"rendered":"<p>2013<\/p>\n<p>,,Nadgau\u010d\u00e1k&#8220;<\/p>\n<p>110&#215;85 cm<\/p>\n<p>akryl na kartonu, v\u00fdztu\u017en\u00fd d\u0159ev\u011bn\u00fd r\u00e1m<\/p>","protected":false},"excerpt":{"rendered":"<p>2013 ,,Nadgau\u010d\u00e1k&#8220; 110&#215;85 cm akryl na kartonu, v\u00fdztu\u017en\u00fd d\u0159ev\u011bn\u00fd r\u00e1m<\/p>","protected":false},"featured_media":1720,"template":"","meta":{"om_disable_all_campaigns":false,"site-sidebar-layout":"default","site-content-layout":"default","ast-global-header-display":"","ast-main-header-display":"","ast-hfb-above-header-display":"","ast-hfb-below-header-display":"","ast-hfb-mobile-header-display":"","site-post-title":"","ast-breadcrumbs-content":"","ast-featured-img":"","footer-sml-layout":"","theme-transparent-header-meta":"default","adv-header-id-meta":"","stick-header-meta":"","header-above-stick-meta":"","header-main-stick-meta":"","header-below-stick-meta":""},"product_cat":[36],"product_tag":[],"class_list":["post-1719","product","type-product","status-publish","has-post-thumbnail","hentry","product_cat-akryl","desktop-align-left","tablet-align-left","mobile-align-left"],"aioseo_notices":[],"_links":{"self":[{"href":"https:\/\/bilaportrety.eu\/en\/wp-json\/wp\/v2\/product\/1719","targetHints":{"allow":["GET"]}}],"collection":[{"href":"https:\/\/bilaportrety.eu\/en\/wp-json\/wp\/v2\/product"}],"about":[{"href":"https:\/\/bilaportrety.eu\/en\/wp-json\/wp\/v2\/types\/product"}],"version-history":[{"count":4,"href":"https:\/\/bilaportrety.eu\/en\/wp-json\/wp\/v2\/product\/1719\/revisions"}],"predecessor-version":[{"id":3470,"href":"https:\/\/bilaportrety.eu\/en\/wp-json\/wp\/v2\/product\/1719\/revisions\/3470"}],"wp:featuredmedia":[{"embeddable":true,"href":"https:\/\/bilaportrety.eu\/en\/wp-json\/wp\/v2\/media\/1720"}],"wp:attachment":[{"href":"https:\/\/bilaportrety.eu\/en\/wp-json\/wp\/v2\/media?parent=1719"}],"wp:term":[{"taxonomy":"product_cat","embeddable":true,"href":"https:\/\/bilaportrety.eu\/en\/wp-json\/wp\/v2\/product_cat?post=1719"},{"taxonomy":"product_tag","embeddable":true,"href":"https:\/\/bilaportrety.eu\/en\/wp-json\/wp\/v2\/product_tag?post=1719"}],"curies":[{"name":"wp","href":"https:\/\/api.w.org\/{rel}","templated":true}]}}