{"id":1840,"date":"2022-11-23T22:43:14","date_gmt":"2022-11-23T21:43:14","guid":{"rendered":"http:\/\/beta.bilaportrety.eu\/?post_type=product&#038;p=1840"},"modified":"2023-11-23T21:27:41","modified_gmt":"2023-11-23T20:27:41","slug":"portret-p","status":"publish","type":"product","link":"https:\/\/bilaportrety.eu\/en\/product\/portret-p\/","title":{"rendered":",,Portr\u00e9t P&#8220;"},"content":{"rendered":"<p>Olej na pl\u00e1tn\u011b<\/p>","protected":false},"excerpt":{"rendered":"<p>Olej na pl\u00e1tn\u011b<\/p>","protected":false},"featured_media":1837,"template":"","meta":{"om_disable_all_campaigns":false,"site-sidebar-layout":"default","site-content-layout":"default","ast-global-header-display":"","ast-main-header-display":"","ast-hfb-above-header-display":"","ast-hfb-below-header-display":"","ast-hfb-mobile-header-display":"","site-post-title":"","ast-breadcrumbs-content":"","ast-featured-img":"","footer-sml-layout":"","theme-transparent-header-meta":"default","adv-header-id-meta":"","stick-header-meta":"","header-above-stick-meta":"","header-main-stick-meta":"","header-below-stick-meta":""},"product_cat":[39],"product_tag":[],"class_list":["post-1840","product","type-product","status-publish","has-post-thumbnail","hentry","product_cat-portrety","desktop-align-left","tablet-align-left","mobile-align-left"],"aioseo_notices":[],"_links":{"self":[{"href":"https:\/\/bilaportrety.eu\/en\/wp-json\/wp\/v2\/product\/1840","targetHints":{"allow":["GET"]}}],"collection":[{"href":"https:\/\/bilaportrety.eu\/en\/wp-json\/wp\/v2\/product"}],"about":[{"href":"https:\/\/bilaportrety.eu\/en\/wp-json\/wp\/v2\/types\/product"}],"version-history":[{"count":1,"href":"https:\/\/bilaportrety.eu\/en\/wp-json\/wp\/v2\/product\/1840\/revisions"}],"predecessor-version":[{"id":1841,"href":"https:\/\/bilaportrety.eu\/en\/wp-json\/wp\/v2\/product\/1840\/revisions\/1841"}],"wp:featuredmedia":[{"embeddable":true,"href":"https:\/\/bilaportrety.eu\/en\/wp-json\/wp\/v2\/media\/1837"}],"wp:attachment":[{"href":"https:\/\/bilaportrety.eu\/en\/wp-json\/wp\/v2\/media?parent=1840"}],"wp:term":[{"taxonomy":"product_cat","embeddable":true,"href":"https:\/\/bilaportrety.eu\/en\/wp-json\/wp\/v2\/product_cat?post=1840"},{"taxonomy":"product_tag","embeddable":true,"href":"https:\/\/bilaportrety.eu\/en\/wp-json\/wp\/v2\/product_tag?post=1840"}],"curies":[{"name":"wp","href":"https:\/\/api.w.org\/{rel}","templated":true}]}}