{"id":1846,"date":"2022-11-23T22:55:29","date_gmt":"2022-11-23T21:55:29","guid":{"rendered":"http:\/\/beta.bilaportrety.eu\/?post_type=product&#038;p=1846"},"modified":"2023-11-23T22:56:41","modified_gmt":"2023-11-23T21:56:41","slug":"modra","status":"publish","type":"product","link":"https:\/\/bilaportrety.eu\/en\/product\/modra\/","title":{"rendered":",,Modr\u00e1 holka&#8220; 2021 67&#215;50 olej na pl\u00e1tn\u011b"},"content":{"rendered":"<p>Olej na pl\u00e1tn\u011b<\/p>\n<p>67&#215;50 cm<\/p>","protected":false},"excerpt":{"rendered":"<p>Olej na pl\u00e1tn\u011b 67&#215;50 cm<\/p>","protected":false},"featured_media":1835,"template":"","meta":{"om_disable_all_campaigns":false,"site-sidebar-layout":"default","site-content-layout":"default","ast-global-header-display":"","ast-main-header-display":"","ast-hfb-above-header-display":"","ast-hfb-below-header-display":"","ast-hfb-mobile-header-display":"","site-post-title":"","ast-breadcrumbs-content":"","ast-featured-img":"","footer-sml-layout":"","theme-transparent-header-meta":"default","adv-header-id-meta":"","stick-header-meta":"","header-above-stick-meta":"","header-main-stick-meta":"","header-below-stick-meta":""},"product_cat":[34,39],"product_tag":[],"class_list":["post-1846","product","type-product","status-publish","has-post-thumbnail","hentry","product_cat-home","product_cat-portrety","desktop-align-left","tablet-align-left","mobile-align-left"],"aioseo_notices":[],"_links":{"self":[{"href":"https:\/\/bilaportrety.eu\/en\/wp-json\/wp\/v2\/product\/1846","targetHints":{"allow":["GET"]}}],"collection":[{"href":"https:\/\/bilaportrety.eu\/en\/wp-json\/wp\/v2\/product"}],"about":[{"href":"https:\/\/bilaportrety.eu\/en\/wp-json\/wp\/v2\/types\/product"}],"version-history":[{"count":3,"href":"https:\/\/bilaportrety.eu\/en\/wp-json\/wp\/v2\/product\/1846\/revisions"}],"predecessor-version":[{"id":2252,"href":"https:\/\/bilaportrety.eu\/en\/wp-json\/wp\/v2\/product\/1846\/revisions\/2252"}],"wp:featuredmedia":[{"embeddable":true,"href":"https:\/\/bilaportrety.eu\/en\/wp-json\/wp\/v2\/media\/1835"}],"wp:attachment":[{"href":"https:\/\/bilaportrety.eu\/en\/wp-json\/wp\/v2\/media?parent=1846"}],"wp:term":[{"taxonomy":"product_cat","embeddable":true,"href":"https:\/\/bilaportrety.eu\/en\/wp-json\/wp\/v2\/product_cat?post=1846"},{"taxonomy":"product_tag","embeddable":true,"href":"https:\/\/bilaportrety.eu\/en\/wp-json\/wp\/v2\/product_tag?post=1846"}],"curies":[{"name":"wp","href":"https:\/\/api.w.org\/{rel}","templated":true}]}}