{"id":1853,"date":"2022-11-23T23:25:28","date_gmt":"2022-11-23T22:25:28","guid":{"rendered":"http:\/\/beta.bilaportrety.eu\/?post_type=product&#038;p=1853"},"modified":"2022-12-30T12:19:12","modified_gmt":"2022-12-30T11:19:12","slug":"surikata-mala","status":"publish","type":"product","link":"https:\/\/bilaportrety.eu\/en\/product\/surikata-mala\/","title":{"rendered":",,Surikata mal\u00e1&#8220; 2006 18&#215;24 cm olej v r\u00e1mu"},"content":{"rendered":"<p>Olej na sololitu, r\u00e1m<\/p>\n<p>2006<\/p>","protected":false},"excerpt":{"rendered":"<p>Olej na sololitu, r\u00e1m 2006<\/p>","protected":false},"featured_media":1795,"template":"","meta":{"om_disable_all_campaigns":false,"site-sidebar-layout":"default","site-content-layout":"default","ast-global-header-display":"","ast-main-header-display":"","ast-hfb-above-header-display":"","ast-hfb-below-header-display":"","ast-hfb-mobile-header-display":"","site-post-title":"","ast-breadcrumbs-content":"","ast-featured-img":"","footer-sml-layout":"","theme-transparent-header-meta":"default","adv-header-id-meta":"","stick-header-meta":"","header-above-stick-meta":"","header-main-stick-meta":"","header-below-stick-meta":""},"product_cat":[39,47],"product_tag":[],"class_list":["post-1853","product","type-product","status-publish","has-post-thumbnail","hentry","product_cat-portrety","product_cat-zvirata","desktop-align-left","tablet-align-left","mobile-align-left"],"aioseo_notices":[],"_links":{"self":[{"href":"https:\/\/bilaportrety.eu\/en\/wp-json\/wp\/v2\/product\/1853","targetHints":{"allow":["GET"]}}],"collection":[{"href":"https:\/\/bilaportrety.eu\/en\/wp-json\/wp\/v2\/product"}],"about":[{"href":"https:\/\/bilaportrety.eu\/en\/wp-json\/wp\/v2\/types\/product"}],"version-history":[{"count":5,"href":"https:\/\/bilaportrety.eu\/en\/wp-json\/wp\/v2\/product\/1853\/revisions"}],"predecessor-version":[{"id":3166,"href":"https:\/\/bilaportrety.eu\/en\/wp-json\/wp\/v2\/product\/1853\/revisions\/3166"}],"wp:featuredmedia":[{"embeddable":true,"href":"https:\/\/bilaportrety.eu\/en\/wp-json\/wp\/v2\/media\/1795"}],"wp:attachment":[{"href":"https:\/\/bilaportrety.eu\/en\/wp-json\/wp\/v2\/media?parent=1853"}],"wp:term":[{"taxonomy":"product_cat","embeddable":true,"href":"https:\/\/bilaportrety.eu\/en\/wp-json\/wp\/v2\/product_cat?post=1853"},{"taxonomy":"product_tag","embeddable":true,"href":"https:\/\/bilaportrety.eu\/en\/wp-json\/wp\/v2\/product_tag?post=1853"}],"curies":[{"name":"wp","href":"https:\/\/api.w.org\/{rel}","templated":true}]}}