{"id":1855,"date":"2022-11-23T23:27:03","date_gmt":"2022-11-23T22:27:03","guid":{"rendered":"http:\/\/beta.bilaportrety.eu\/?post_type=product&#038;p=1855"},"modified":"2023-11-23T21:26:02","modified_gmt":"2023-11-23T20:26:02","slug":"portret-e-ii","status":"publish","type":"product","link":"https:\/\/bilaportrety.eu\/en\/product\/portret-e-ii\/","title":{"rendered":",,Portr\u00e9t E II&#8220; olej na pl\u00e1tn\u011b \/prod\u00e1no\/"},"content":{"rendered":"<p>Olej na pl\u00e1tn\u011b<\/p>","protected":false},"excerpt":{"rendered":"<p>Olej na pl\u00e1tn\u011b<\/p>","protected":false},"featured_media":1813,"template":"","meta":{"om_disable_all_campaigns":false,"site-sidebar-layout":"default","site-content-layout":"default","ast-global-header-display":"","ast-main-header-display":"","ast-hfb-above-header-display":"","ast-hfb-below-header-display":"","ast-hfb-mobile-header-display":"","site-post-title":"","ast-breadcrumbs-content":"","ast-featured-img":"","footer-sml-layout":"","theme-transparent-header-meta":"default","adv-header-id-meta":"","stick-header-meta":"","header-above-stick-meta":"","header-main-stick-meta":"","header-below-stick-meta":""},"product_cat":[39],"product_tag":[],"class_list":["post-1855","product","type-product","status-publish","has-post-thumbnail","hentry","product_cat-portrety","desktop-align-left","tablet-align-left","mobile-align-left"],"aioseo_notices":[],"_links":{"self":[{"href":"https:\/\/bilaportrety.eu\/en\/wp-json\/wp\/v2\/product\/1855","targetHints":{"allow":["GET"]}}],"collection":[{"href":"https:\/\/bilaportrety.eu\/en\/wp-json\/wp\/v2\/product"}],"about":[{"href":"https:\/\/bilaportrety.eu\/en\/wp-json\/wp\/v2\/types\/product"}],"version-history":[{"count":3,"href":"https:\/\/bilaportrety.eu\/en\/wp-json\/wp\/v2\/product\/1855\/revisions"}],"predecessor-version":[{"id":3433,"href":"https:\/\/bilaportrety.eu\/en\/wp-json\/wp\/v2\/product\/1855\/revisions\/3433"}],"wp:featuredmedia":[{"embeddable":true,"href":"https:\/\/bilaportrety.eu\/en\/wp-json\/wp\/v2\/media\/1813"}],"wp:attachment":[{"href":"https:\/\/bilaportrety.eu\/en\/wp-json\/wp\/v2\/media?parent=1855"}],"wp:term":[{"taxonomy":"product_cat","embeddable":true,"href":"https:\/\/bilaportrety.eu\/en\/wp-json\/wp\/v2\/product_cat?post=1855"},{"taxonomy":"product_tag","embeddable":true,"href":"https:\/\/bilaportrety.eu\/en\/wp-json\/wp\/v2\/product_tag?post=1855"}],"curies":[{"name":"wp","href":"https:\/\/api.w.org\/{rel}","templated":true}]}}