{"id":1869,"date":"2022-11-24T00:38:31","date_gmt":"2022-11-24T00:38:31","guid":{"rendered":"http:\/\/beta.bilaportrety.eu\/?post_type=product&#038;p=1869"},"modified":"2022-11-24T00:38:31","modified_gmt":"2022-11-24T00:38:31","slug":"krajina-s-potokem","status":"publish","type":"product","link":"https:\/\/bilaportrety.eu\/en\/product\/krajina-s-potokem\/","title":{"rendered":",,Krajina s potokem&#8220;"},"content":{"rendered":"<p>Olej na pl\u00e1tn\u011b s r\u00e1mem<\/p>\n<p>100&#215;84 cm<\/p>","protected":false},"excerpt":{"rendered":"<p>Olej na pl\u00e1tn\u011b s r\u00e1mem 100&#215;84 cm<\/p>","protected":false},"featured_media":1826,"template":"","meta":{"om_disable_all_campaigns":false,"site-sidebar-layout":"default","site-content-layout":"default","ast-global-header-display":"","ast-main-header-display":"","ast-hfb-above-header-display":"","ast-hfb-below-header-display":"","ast-hfb-mobile-header-display":"","site-post-title":"","ast-breadcrumbs-content":"","ast-featured-img":"","footer-sml-layout":"","theme-transparent-header-meta":"default","adv-header-id-meta":"","stick-header-meta":"","header-above-stick-meta":"","header-main-stick-meta":"","header-below-stick-meta":""},"product_cat":[35],"product_tag":[],"class_list":["post-1869","product","type-product","status-publish","has-post-thumbnail","hentry","product_cat-olejomalba","desktop-align-left","tablet-align-left","mobile-align-left"],"aioseo_notices":[],"_links":{"self":[{"href":"https:\/\/bilaportrety.eu\/en\/wp-json\/wp\/v2\/product\/1869","targetHints":{"allow":["GET"]}}],"collection":[{"href":"https:\/\/bilaportrety.eu\/en\/wp-json\/wp\/v2\/product"}],"about":[{"href":"https:\/\/bilaportrety.eu\/en\/wp-json\/wp\/v2\/types\/product"}],"version-history":[{"count":1,"href":"https:\/\/bilaportrety.eu\/en\/wp-json\/wp\/v2\/product\/1869\/revisions"}],"predecessor-version":[{"id":1870,"href":"https:\/\/bilaportrety.eu\/en\/wp-json\/wp\/v2\/product\/1869\/revisions\/1870"}],"wp:featuredmedia":[{"embeddable":true,"href":"https:\/\/bilaportrety.eu\/en\/wp-json\/wp\/v2\/media\/1826"}],"wp:attachment":[{"href":"https:\/\/bilaportrety.eu\/en\/wp-json\/wp\/v2\/media?parent=1869"}],"wp:term":[{"taxonomy":"product_cat","embeddable":true,"href":"https:\/\/bilaportrety.eu\/en\/wp-json\/wp\/v2\/product_cat?post=1869"},{"taxonomy":"product_tag","embeddable":true,"href":"https:\/\/bilaportrety.eu\/en\/wp-json\/wp\/v2\/product_tag?post=1869"}],"curies":[{"name":"wp","href":"https:\/\/api.w.org\/{rel}","templated":true}]}}