{"id":1873,"date":"2022-11-24T00:50:07","date_gmt":"2022-11-23T23:50:07","guid":{"rendered":"http:\/\/beta.bilaportrety.eu\/?post_type=product&#038;p=1873"},"modified":"2023-01-02T22:51:15","modified_gmt":"2023-01-02T21:51:15","slug":"zluta-krajina","status":"publish","type":"product","link":"https:\/\/bilaportrety.eu\/en\/product\/zluta-krajina\/","title":{"rendered":"Prod\u00e1no ,,\u017dlut\u00e1 krajina&#8220;\/,,Yellow Landscape&#8220;"},"content":{"rendered":"<p>Olej na pl\u00e1tn\u011b<\/p>","protected":false},"excerpt":{"rendered":"<p>Olej na pl\u00e1tn\u011b<\/p>","protected":false},"featured_media":1832,"template":"","meta":{"om_disable_all_campaigns":false,"site-sidebar-layout":"default","site-content-layout":"default","ast-global-header-display":"","ast-main-header-display":"","ast-hfb-above-header-display":"","ast-hfb-below-header-display":"","ast-hfb-mobile-header-display":"","site-post-title":"","ast-breadcrumbs-content":"","ast-featured-img":"","footer-sml-layout":"","theme-transparent-header-meta":"default","adv-header-id-meta":"","stick-header-meta":"","header-above-stick-meta":"","header-main-stick-meta":"","header-below-stick-meta":""},"product_cat":[35],"product_tag":[],"class_list":["post-1873","product","type-product","status-publish","has-post-thumbnail","hentry","product_cat-olejomalba","desktop-align-left","tablet-align-left","mobile-align-left"],"aioseo_notices":[],"_links":{"self":[{"href":"https:\/\/bilaportrety.eu\/en\/wp-json\/wp\/v2\/product\/1873","targetHints":{"allow":["GET"]}}],"collection":[{"href":"https:\/\/bilaportrety.eu\/en\/wp-json\/wp\/v2\/product"}],"about":[{"href":"https:\/\/bilaportrety.eu\/en\/wp-json\/wp\/v2\/types\/product"}],"version-history":[{"count":2,"href":"https:\/\/bilaportrety.eu\/en\/wp-json\/wp\/v2\/product\/1873\/revisions"}],"predecessor-version":[{"id":3237,"href":"https:\/\/bilaportrety.eu\/en\/wp-json\/wp\/v2\/product\/1873\/revisions\/3237"}],"wp:featuredmedia":[{"embeddable":true,"href":"https:\/\/bilaportrety.eu\/en\/wp-json\/wp\/v2\/media\/1832"}],"wp:attachment":[{"href":"https:\/\/bilaportrety.eu\/en\/wp-json\/wp\/v2\/media?parent=1873"}],"wp:term":[{"taxonomy":"product_cat","embeddable":true,"href":"https:\/\/bilaportrety.eu\/en\/wp-json\/wp\/v2\/product_cat?post=1873"},{"taxonomy":"product_tag","embeddable":true,"href":"https:\/\/bilaportrety.eu\/en\/wp-json\/wp\/v2\/product_tag?post=1873"}],"curies":[{"name":"wp","href":"https:\/\/api.w.org\/{rel}","templated":true}]}}