{"id":1877,"date":"2022-11-24T14:03:31","date_gmt":"2022-11-24T13:03:31","guid":{"rendered":"http:\/\/beta.bilaportrety.eu\/?post_type=product&#038;p=1877"},"modified":"2023-11-23T21:22:27","modified_gmt":"2023-11-23T20:22:27","slug":"ze-me","status":"publish","type":"product","link":"https:\/\/bilaportrety.eu\/en\/product\/ze-me\/","title":{"rendered":"Prod\u00e1no ,,Ze m\u011b&#8220; (2021) olej na pl\u00e1tn\u011b"},"content":{"rendered":"<p>Olej na pl\u00e1tn\u011b<\/p>\n<p>40&#215;40 cm<\/p>","protected":false},"excerpt":{"rendered":"<p>Olej na pl\u00e1tn\u011b 40&#215;40 cm<\/p>","protected":false},"featured_media":1836,"template":"","meta":{"om_disable_all_campaigns":false,"site-sidebar-layout":"default","site-content-layout":"default","ast-global-header-display":"","ast-main-header-display":"","ast-hfb-above-header-display":"","ast-hfb-below-header-display":"","ast-hfb-mobile-header-display":"","site-post-title":"","ast-breadcrumbs-content":"","ast-featured-img":"","footer-sml-layout":"","theme-transparent-header-meta":"default","adv-header-id-meta":"","stick-header-meta":"","header-above-stick-meta":"","header-main-stick-meta":"","header-below-stick-meta":""},"product_cat":[35],"product_tag":[],"class_list":["post-1877","product","type-product","status-publish","has-post-thumbnail","hentry","product_cat-olejomalba","desktop-align-left","tablet-align-left","mobile-align-left"],"aioseo_notices":[],"_links":{"self":[{"href":"https:\/\/bilaportrety.eu\/en\/wp-json\/wp\/v2\/product\/1877","targetHints":{"allow":["GET"]}}],"collection":[{"href":"https:\/\/bilaportrety.eu\/en\/wp-json\/wp\/v2\/product"}],"about":[{"href":"https:\/\/bilaportrety.eu\/en\/wp-json\/wp\/v2\/types\/product"}],"version-history":[{"count":2,"href":"https:\/\/bilaportrety.eu\/en\/wp-json\/wp\/v2\/product\/1877\/revisions"}],"predecessor-version":[{"id":3328,"href":"https:\/\/bilaportrety.eu\/en\/wp-json\/wp\/v2\/product\/1877\/revisions\/3328"}],"wp:featuredmedia":[{"embeddable":true,"href":"https:\/\/bilaportrety.eu\/en\/wp-json\/wp\/v2\/media\/1836"}],"wp:attachment":[{"href":"https:\/\/bilaportrety.eu\/en\/wp-json\/wp\/v2\/media?parent=1877"}],"wp:term":[{"taxonomy":"product_cat","embeddable":true,"href":"https:\/\/bilaportrety.eu\/en\/wp-json\/wp\/v2\/product_cat?post=1877"},{"taxonomy":"product_tag","embeddable":true,"href":"https:\/\/bilaportrety.eu\/en\/wp-json\/wp\/v2\/product_tag?post=1877"}],"curies":[{"name":"wp","href":"https:\/\/api.w.org\/{rel}","templated":true}]}}