{"id":1893,"date":"2022-11-24T14:20:00","date_gmt":"2022-11-24T14:20:00","guid":{"rendered":"http:\/\/beta.bilaportrety.eu\/?post_type=product&#038;p=1893"},"modified":"2023-11-23T21:18:17","modified_gmt":"2023-11-23T20:18:17","slug":"pod-vodou","status":"publish","type":"product","link":"https:\/\/bilaportrety.eu\/en\/product\/pod-vodou\/","title":{"rendered":",,Pod vodou&#8220; 30&#215;21 cm"},"content":{"rendered":"<p>Olej na pl\u00e1tn\u011b, r\u00e1me\u010dek<\/p>\n<p>30&#215;21 cm<\/p>","protected":false},"excerpt":{"rendered":"<p>Olej na pl\u00e1tn\u011b, r\u00e1me\u010dek 30&#215;21 cm<\/p>","protected":false},"featured_media":1798,"template":"","meta":{"om_disable_all_campaigns":false,"site-sidebar-layout":"default","site-content-layout":"default","ast-global-header-display":"","ast-main-header-display":"","ast-hfb-above-header-display":"","ast-hfb-below-header-display":"","ast-hfb-mobile-header-display":"","site-post-title":"","ast-breadcrumbs-content":"","ast-featured-img":"","footer-sml-layout":"","theme-transparent-header-meta":"default","adv-header-id-meta":"","stick-header-meta":"","header-above-stick-meta":"","header-main-stick-meta":"","header-below-stick-meta":""},"product_cat":[35],"product_tag":[],"class_list":["post-1893","product","type-product","status-publish","has-post-thumbnail","hentry","product_cat-olejomalba","desktop-align-left","tablet-align-left","mobile-align-left"],"aioseo_notices":[],"_links":{"self":[{"href":"https:\/\/bilaportrety.eu\/en\/wp-json\/wp\/v2\/product\/1893","targetHints":{"allow":["GET"]}}],"collection":[{"href":"https:\/\/bilaportrety.eu\/en\/wp-json\/wp\/v2\/product"}],"about":[{"href":"https:\/\/bilaportrety.eu\/en\/wp-json\/wp\/v2\/types\/product"}],"version-history":[{"count":3,"href":"https:\/\/bilaportrety.eu\/en\/wp-json\/wp\/v2\/product\/1893\/revisions"}],"predecessor-version":[{"id":2229,"href":"https:\/\/bilaportrety.eu\/en\/wp-json\/wp\/v2\/product\/1893\/revisions\/2229"}],"wp:featuredmedia":[{"embeddable":true,"href":"https:\/\/bilaportrety.eu\/en\/wp-json\/wp\/v2\/media\/1798"}],"wp:attachment":[{"href":"https:\/\/bilaportrety.eu\/en\/wp-json\/wp\/v2\/media?parent=1893"}],"wp:term":[{"taxonomy":"product_cat","embeddable":true,"href":"https:\/\/bilaportrety.eu\/en\/wp-json\/wp\/v2\/product_cat?post=1893"},{"taxonomy":"product_tag","embeddable":true,"href":"https:\/\/bilaportrety.eu\/en\/wp-json\/wp\/v2\/product_tag?post=1893"}],"curies":[{"name":"wp","href":"https:\/\/api.w.org\/{rel}","templated":true}]}}