{"id":2170,"date":"2022-11-27T22:42:11","date_gmt":"2022-11-27T21:42:11","guid":{"rendered":"http:\/\/beta.bilaportrety.eu\/?post_type=product&#038;p=2170"},"modified":"2023-11-23T22:54:33","modified_gmt":"2023-11-23T21:54:33","slug":"nocni-mesto-2022","status":"publish","type":"product","link":"https:\/\/bilaportrety.eu\/en\/product\/nocni-mesto-2022\/","title":{"rendered":",,No\u010dn\u00ed m\u011bsto&#8220; (2022) akvarel 28&#215;21 cm"},"content":{"rendered":"","protected":false},"excerpt":{"rendered":"","protected":false},"featured_media":1949,"template":"","meta":{"om_disable_all_campaigns":false,"site-sidebar-layout":"default","site-content-layout":"default","ast-global-header-display":"","ast-main-header-display":"","ast-hfb-above-header-display":"","ast-hfb-below-header-display":"","ast-hfb-mobile-header-display":"","site-post-title":"","ast-breadcrumbs-content":"","ast-featured-img":"","footer-sml-layout":"","theme-transparent-header-meta":"default","adv-header-id-meta":"","stick-header-meta":"","header-above-stick-meta":"","header-main-stick-meta":"","header-below-stick-meta":""},"product_cat":[37,34],"product_tag":[],"class_list":["post-2170","product","type-product","status-publish","has-post-thumbnail","hentry","product_cat-akvarel","product_cat-home","desktop-align-left","tablet-align-left","mobile-align-left"],"aioseo_notices":[],"_links":{"self":[{"href":"https:\/\/bilaportrety.eu\/en\/wp-json\/wp\/v2\/product\/2170","targetHints":{"allow":["GET"]}}],"collection":[{"href":"https:\/\/bilaportrety.eu\/en\/wp-json\/wp\/v2\/product"}],"about":[{"href":"https:\/\/bilaportrety.eu\/en\/wp-json\/wp\/v2\/types\/product"}],"version-history":[{"count":3,"href":"https:\/\/bilaportrety.eu\/en\/wp-json\/wp\/v2\/product\/2170\/revisions"}],"predecessor-version":[{"id":3155,"href":"https:\/\/bilaportrety.eu\/en\/wp-json\/wp\/v2\/product\/2170\/revisions\/3155"}],"wp:featuredmedia":[{"embeddable":true,"href":"https:\/\/bilaportrety.eu\/en\/wp-json\/wp\/v2\/media\/1949"}],"wp:attachment":[{"href":"https:\/\/bilaportrety.eu\/en\/wp-json\/wp\/v2\/media?parent=2170"}],"wp:term":[{"taxonomy":"product_cat","embeddable":true,"href":"https:\/\/bilaportrety.eu\/en\/wp-json\/wp\/v2\/product_cat?post=2170"},{"taxonomy":"product_tag","embeddable":true,"href":"https:\/\/bilaportrety.eu\/en\/wp-json\/wp\/v2\/product_tag?post=2170"}],"curies":[{"name":"wp","href":"https:\/\/api.w.org\/{rel}","templated":true}]}}