{"id":2209,"date":"2022-11-29T00:16:19","date_gmt":"2022-11-28T23:16:19","guid":{"rendered":"http:\/\/beta.bilaportrety.eu\/?post_type=product&#038;p=2209"},"modified":"2023-11-23T20:09:52","modified_gmt":"2023-11-23T19:09:52","slug":"navsteva-2018","status":"publish","type":"product","link":"https:\/\/bilaportrety.eu\/en\/product\/navsteva-2018\/","title":{"rendered":",,N\u00e1v\u0161t\u011bva&#8220; (2018) akvarel 60&#215;32 cm"},"content":{"rendered":"<p>(2018)<\/p>\n<p>akvarel, pasparta, r\u00e1m<\/p>\n<p>60&#215;32 cm<\/p>","protected":false},"excerpt":{"rendered":"<p>(2018) akvarel, pasparta, r\u00e1m 60&#215;32 cm<\/p>","protected":false},"featured_media":2894,"template":"","meta":{"om_disable_all_campaigns":false,"site-sidebar-layout":"default","site-content-layout":"default","ast-global-header-display":"","ast-main-header-display":"","ast-hfb-above-header-display":"","ast-hfb-below-header-display":"","ast-hfb-mobile-header-display":"","site-post-title":"","ast-breadcrumbs-content":"","ast-featured-img":"","footer-sml-layout":"","theme-transparent-header-meta":"default","adv-header-id-meta":"","stick-header-meta":"","header-above-stick-meta":"","header-main-stick-meta":"","header-below-stick-meta":""},"product_cat":[37],"product_tag":[],"class_list":["post-2209","product","type-product","status-publish","has-post-thumbnail","hentry","product_cat-akvarel","desktop-align-left","tablet-align-left","mobile-align-left"],"aioseo_notices":[],"_links":{"self":[{"href":"https:\/\/bilaportrety.eu\/en\/wp-json\/wp\/v2\/product\/2209","targetHints":{"allow":["GET"]}}],"collection":[{"href":"https:\/\/bilaportrety.eu\/en\/wp-json\/wp\/v2\/product"}],"about":[{"href":"https:\/\/bilaportrety.eu\/en\/wp-json\/wp\/v2\/types\/product"}],"version-history":[{"count":3,"href":"https:\/\/bilaportrety.eu\/en\/wp-json\/wp\/v2\/product\/2209\/revisions"}],"predecessor-version":[{"id":2895,"href":"https:\/\/bilaportrety.eu\/en\/wp-json\/wp\/v2\/product\/2209\/revisions\/2895"}],"wp:featuredmedia":[{"embeddable":true,"href":"https:\/\/bilaportrety.eu\/en\/wp-json\/wp\/v2\/media\/2894"}],"wp:attachment":[{"href":"https:\/\/bilaportrety.eu\/en\/wp-json\/wp\/v2\/media?parent=2209"}],"wp:term":[{"taxonomy":"product_cat","embeddable":true,"href":"https:\/\/bilaportrety.eu\/en\/wp-json\/wp\/v2\/product_cat?post=2209"},{"taxonomy":"product_tag","embeddable":true,"href":"https:\/\/bilaportrety.eu\/en\/wp-json\/wp\/v2\/product_tag?post=2209"}],"curies":[{"name":"wp","href":"https:\/\/api.w.org\/{rel}","templated":true}]}}