{"id":2213,"date":"2022-11-29T00:20:43","date_gmt":"2022-11-28T23:20:43","guid":{"rendered":"http:\/\/beta.bilaportrety.eu\/?post_type=product&#038;p=2213"},"modified":"2023-11-23T20:07:30","modified_gmt":"2023-11-23T19:07:30","slug":"jesterka-modra","status":"publish","type":"product","link":"https:\/\/bilaportrety.eu\/en\/product\/jesterka-modra\/","title":{"rendered":",,Je\u0161t\u011brka modr\u00e1&#8220; 28&#215;21 cm akvarel"},"content":{"rendered":"","protected":false},"excerpt":{"rendered":"","protected":false},"featured_media":1982,"template":"","meta":{"om_disable_all_campaigns":false,"site-sidebar-layout":"default","site-content-layout":"default","ast-global-header-display":"","ast-main-header-display":"","ast-hfb-above-header-display":"","ast-hfb-below-header-display":"","ast-hfb-mobile-header-display":"","site-post-title":"","ast-breadcrumbs-content":"","ast-featured-img":"","footer-sml-layout":"","theme-transparent-header-meta":"default","adv-header-id-meta":"","stick-header-meta":"","header-above-stick-meta":"","header-main-stick-meta":"","header-below-stick-meta":""},"product_cat":[37,47],"product_tag":[],"class_list":["post-2213","product","type-product","status-publish","has-post-thumbnail","hentry","product_cat-akvarel","product_cat-zvirata","desktop-align-left","tablet-align-left","mobile-align-left"],"aioseo_notices":[],"_links":{"self":[{"href":"https:\/\/bilaportrety.eu\/en\/wp-json\/wp\/v2\/product\/2213","targetHints":{"allow":["GET"]}}],"collection":[{"href":"https:\/\/bilaportrety.eu\/en\/wp-json\/wp\/v2\/product"}],"about":[{"href":"https:\/\/bilaportrety.eu\/en\/wp-json\/wp\/v2\/types\/product"}],"version-history":[{"count":2,"href":"https:\/\/bilaportrety.eu\/en\/wp-json\/wp\/v2\/product\/2213\/revisions"}],"predecessor-version":[{"id":3135,"href":"https:\/\/bilaportrety.eu\/en\/wp-json\/wp\/v2\/product\/2213\/revisions\/3135"}],"wp:featuredmedia":[{"embeddable":true,"href":"https:\/\/bilaportrety.eu\/en\/wp-json\/wp\/v2\/media\/1982"}],"wp:attachment":[{"href":"https:\/\/bilaportrety.eu\/en\/wp-json\/wp\/v2\/media?parent=2213"}],"wp:term":[{"taxonomy":"product_cat","embeddable":true,"href":"https:\/\/bilaportrety.eu\/en\/wp-json\/wp\/v2\/product_cat?post=2213"},{"taxonomy":"product_tag","embeddable":true,"href":"https:\/\/bilaportrety.eu\/en\/wp-json\/wp\/v2\/product_tag?post=2213"}],"curies":[{"name":"wp","href":"https:\/\/api.w.org\/{rel}","templated":true}]}}