{"id":2504,"date":"2022-12-04T01:46:05","date_gmt":"2022-12-04T00:46:05","guid":{"rendered":"https:\/\/bilaportrety.eu\/?post_type=product&#038;p=2504"},"modified":"2022-12-30T11:36:12","modified_gmt":"2022-12-30T10:36:12","slug":"2504","status":"publish","type":"product","link":"https:\/\/bilaportrety.eu\/en\/product\/2504\/","title":{"rendered":"Prod\u00e1no ,,\u017d\u00e1ba&#8220; 2009 muchl\u00e1\u017e 26&#215;28 cm"},"content":{"rendered":"<p>2009<\/p>\n<p>muchl\u00e1\u017e<\/p>\n<p>26&#215;28 cm<\/p>","protected":false},"excerpt":{"rendered":"<p>2009 muchl\u00e1\u017e 26&#215;28 cm<\/p>","protected":false},"featured_media":2560,"template":"","meta":{"om_disable_all_campaigns":false,"site-sidebar-layout":"default","site-content-layout":"default","ast-global-header-display":"","ast-main-header-display":"","ast-hfb-above-header-display":"","ast-hfb-below-header-display":"","ast-hfb-mobile-header-display":"","site-post-title":"","ast-breadcrumbs-content":"","ast-featured-img":"","footer-sml-layout":"","theme-transparent-header-meta":"default","adv-header-id-meta":"","stick-header-meta":"","header-above-stick-meta":"","header-main-stick-meta":"","header-below-stick-meta":""},"product_cat":[38,47],"product_tag":[],"class_list":["post-2504","product","type-product","status-publish","has-post-thumbnail","hentry","product_cat-muchlaze","product_cat-zvirata","desktop-align-left","tablet-align-left","mobile-align-left"],"aioseo_notices":[],"_links":{"self":[{"href":"https:\/\/bilaportrety.eu\/en\/wp-json\/wp\/v2\/product\/2504","targetHints":{"allow":["GET"]}}],"collection":[{"href":"https:\/\/bilaportrety.eu\/en\/wp-json\/wp\/v2\/product"}],"about":[{"href":"https:\/\/bilaportrety.eu\/en\/wp-json\/wp\/v2\/types\/product"}],"version-history":[{"count":4,"href":"https:\/\/bilaportrety.eu\/en\/wp-json\/wp\/v2\/product\/2504\/revisions"}],"predecessor-version":[{"id":3128,"href":"https:\/\/bilaportrety.eu\/en\/wp-json\/wp\/v2\/product\/2504\/revisions\/3128"}],"wp:featuredmedia":[{"embeddable":true,"href":"https:\/\/bilaportrety.eu\/en\/wp-json\/wp\/v2\/media\/2560"}],"wp:attachment":[{"href":"https:\/\/bilaportrety.eu\/en\/wp-json\/wp\/v2\/media?parent=2504"}],"wp:term":[{"taxonomy":"product_cat","embeddable":true,"href":"https:\/\/bilaportrety.eu\/en\/wp-json\/wp\/v2\/product_cat?post=2504"},{"taxonomy":"product_tag","embeddable":true,"href":"https:\/\/bilaportrety.eu\/en\/wp-json\/wp\/v2\/product_tag?post=2504"}],"curies":[{"name":"wp","href":"https:\/\/api.w.org\/{rel}","templated":true}]}}