{"id":2528,"date":"2022-12-04T21:20:04","date_gmt":"2022-12-04T20:20:04","guid":{"rendered":"https:\/\/bilaportrety.eu\/?post_type=product&#038;p=2528"},"modified":"2025-12-09T21:06:35","modified_gmt":"2025-12-09T20:06:35","slug":"2528","status":"publish","type":"product","link":"https:\/\/bilaportrety.eu\/en\/product\/2528\/","title":{"rendered":",,Blond\u00fdna na pl\u00e1\u017ei&#8220; (2022) muchl\u00e1\u017e 39&#215;18 (Nedostupn\u00e9)"},"content":{"rendered":"<p>2022<\/p>\n<p>muchl\u00e1\u017e<\/p>\n<p>39&#215;18<\/p>","protected":false},"excerpt":{"rendered":"<p>2022 muchl\u00e1\u017e 39&#215;18<\/p>","protected":false},"featured_media":2529,"template":"","meta":{"om_disable_all_campaigns":false,"site-sidebar-layout":"default","site-content-layout":"default","ast-global-header-display":"","ast-main-header-display":"","ast-hfb-above-header-display":"","ast-hfb-below-header-display":"","ast-hfb-mobile-header-display":"","site-post-title":"","ast-breadcrumbs-content":"","ast-featured-img":"","footer-sml-layout":"","theme-transparent-header-meta":"default","adv-header-id-meta":"","stick-header-meta":"","header-above-stick-meta":"","header-main-stick-meta":"","header-below-stick-meta":""},"product_cat":[38],"product_tag":[],"class_list":["post-2528","product","type-product","status-publish","has-post-thumbnail","hentry","product_cat-muchlaze","desktop-align-left","tablet-align-left","mobile-align-left"],"aioseo_notices":[],"_links":{"self":[{"href":"https:\/\/bilaportrety.eu\/en\/wp-json\/wp\/v2\/product\/2528","targetHints":{"allow":["GET"]}}],"collection":[{"href":"https:\/\/bilaportrety.eu\/en\/wp-json\/wp\/v2\/product"}],"about":[{"href":"https:\/\/bilaportrety.eu\/en\/wp-json\/wp\/v2\/types\/product"}],"version-history":[{"count":6,"href":"https:\/\/bilaportrety.eu\/en\/wp-json\/wp\/v2\/product\/2528\/revisions"}],"predecessor-version":[{"id":3613,"href":"https:\/\/bilaportrety.eu\/en\/wp-json\/wp\/v2\/product\/2528\/revisions\/3613"}],"wp:featuredmedia":[{"embeddable":true,"href":"https:\/\/bilaportrety.eu\/en\/wp-json\/wp\/v2\/media\/2529"}],"wp:attachment":[{"href":"https:\/\/bilaportrety.eu\/en\/wp-json\/wp\/v2\/media?parent=2528"}],"wp:term":[{"taxonomy":"product_cat","embeddable":true,"href":"https:\/\/bilaportrety.eu\/en\/wp-json\/wp\/v2\/product_cat?post=2528"},{"taxonomy":"product_tag","embeddable":true,"href":"https:\/\/bilaportrety.eu\/en\/wp-json\/wp\/v2\/product_tag?post=2528"}],"curies":[{"name":"wp","href":"https:\/\/api.w.org\/{rel}","templated":true}]}}