{"id":2838,"date":"2022-12-11T20:53:01","date_gmt":"2022-12-11T19:53:01","guid":{"rendered":"https:\/\/bilaportrety.eu\/?post_type=product&#038;p=2838"},"modified":"2023-11-23T19:02:46","modified_gmt":"2023-11-23T18:02:46","slug":"nadgaucak-slipka-v-krajine-2005-olej-na-sololitu-ram-150x80-cm","status":"publish","type":"product","link":"https:\/\/bilaportrety.eu\/en\/product\/nadgaucak-slipka-v-krajine-2005-olej-na-sololitu-ram-150x80-cm\/","title":{"rendered":"Nadgau\u010d\u00e1k ,,Sl\u00edpka v krajin\u011b&#8220; (2005) olej na MDF, r\u00e1m 150&#215;80 cm"},"content":{"rendered":"<p>(2005)<\/p>\n<p>olej na MDF, r\u00e1m<\/p>\n<p>150&#215;80 cm<\/p>","protected":false},"excerpt":{"rendered":"<p>(2005) olej na MDF, r\u00e1m 150&#215;80 cm<\/p>","protected":false},"featured_media":2839,"template":"","meta":{"om_disable_all_campaigns":false,"site-sidebar-layout":"default","site-content-layout":"default","ast-global-header-display":"","ast-main-header-display":"","ast-hfb-above-header-display":"","ast-hfb-below-header-display":"","ast-hfb-mobile-header-display":"","site-post-title":"","ast-breadcrumbs-content":"","ast-featured-img":"","footer-sml-layout":"","theme-transparent-header-meta":"default","adv-header-id-meta":"","stick-header-meta":"","header-above-stick-meta":"","header-main-stick-meta":"","header-below-stick-meta":""},"product_cat":[35,47],"product_tag":[],"class_list":["post-2838","product","type-product","status-publish","has-post-thumbnail","hentry","product_cat-olejomalba","product_cat-zvirata","desktop-align-left","tablet-align-left","mobile-align-left"],"aioseo_notices":[],"_links":{"self":[{"href":"https:\/\/bilaportrety.eu\/en\/wp-json\/wp\/v2\/product\/2838","targetHints":{"allow":["GET"]}}],"collection":[{"href":"https:\/\/bilaportrety.eu\/en\/wp-json\/wp\/v2\/product"}],"about":[{"href":"https:\/\/bilaportrety.eu\/en\/wp-json\/wp\/v2\/types\/product"}],"version-history":[{"count":4,"href":"https:\/\/bilaportrety.eu\/en\/wp-json\/wp\/v2\/product\/2838\/revisions"}],"predecessor-version":[{"id":2892,"href":"https:\/\/bilaportrety.eu\/en\/wp-json\/wp\/v2\/product\/2838\/revisions\/2892"}],"wp:featuredmedia":[{"embeddable":true,"href":"https:\/\/bilaportrety.eu\/en\/wp-json\/wp\/v2\/media\/2839"}],"wp:attachment":[{"href":"https:\/\/bilaportrety.eu\/en\/wp-json\/wp\/v2\/media?parent=2838"}],"wp:term":[{"taxonomy":"product_cat","embeddable":true,"href":"https:\/\/bilaportrety.eu\/en\/wp-json\/wp\/v2\/product_cat?post=2838"},{"taxonomy":"product_tag","embeddable":true,"href":"https:\/\/bilaportrety.eu\/en\/wp-json\/wp\/v2\/product_tag?post=2838"}],"curies":[{"name":"wp","href":"https:\/\/api.w.org\/{rel}","templated":true}]}}