{"id":2931,"date":"2022-12-25T23:21:51","date_gmt":"2022-12-25T22:21:51","guid":{"rendered":"https:\/\/bilaportrety.eu\/?post_type=product&#038;p=2931"},"modified":"2022-12-30T10:58:58","modified_gmt":"2022-12-30T09:58:58","slug":"pastel-portret-h-h-500x353-mm","status":"publish","type":"product","link":"https:\/\/bilaportrety.eu\/en\/product\/pastel-portret-h-h-500x353-mm\/","title":{"rendered":"Pastel ,,Portr\u00e9t H.Hegerov\u00e1&#8220; 500&#215;353 mm zak\u00e1zka"},"content":{"rendered":"<p>Pastel na pap\u00ed\u0159e<\/p>\n<p>500&#215;353 mm<\/p>","protected":false},"excerpt":{"rendered":"<p>Pastel na pap\u00ed\u0159e 500&#215;353 mm<\/p>","protected":false},"featured_media":2932,"template":"","meta":{"om_disable_all_campaigns":false,"site-sidebar-layout":"default","site-content-layout":"default","ast-global-header-display":"","ast-main-header-display":"","ast-hfb-above-header-display":"","ast-hfb-below-header-display":"","ast-hfb-mobile-header-display":"","site-post-title":"","ast-breadcrumbs-content":"","ast-featured-img":"","footer-sml-layout":"","theme-transparent-header-meta":"default","adv-header-id-meta":"","stick-header-meta":"","header-above-stick-meta":"","header-main-stick-meta":"","header-below-stick-meta":""},"product_cat":[39],"product_tag":[],"class_list":["post-2931","product","type-product","status-publish","has-post-thumbnail","hentry","product_cat-portrety","desktop-align-left","tablet-align-left","mobile-align-left"],"aioseo_notices":[],"_links":{"self":[{"href":"https:\/\/bilaportrety.eu\/en\/wp-json\/wp\/v2\/product\/2931","targetHints":{"allow":["GET"]}}],"collection":[{"href":"https:\/\/bilaportrety.eu\/en\/wp-json\/wp\/v2\/product"}],"about":[{"href":"https:\/\/bilaportrety.eu\/en\/wp-json\/wp\/v2\/types\/product"}],"version-history":[{"count":4,"href":"https:\/\/bilaportrety.eu\/en\/wp-json\/wp\/v2\/product\/2931\/revisions"}],"predecessor-version":[{"id":3112,"href":"https:\/\/bilaportrety.eu\/en\/wp-json\/wp\/v2\/product\/2931\/revisions\/3112"}],"wp:featuredmedia":[{"embeddable":true,"href":"https:\/\/bilaportrety.eu\/en\/wp-json\/wp\/v2\/media\/2932"}],"wp:attachment":[{"href":"https:\/\/bilaportrety.eu\/en\/wp-json\/wp\/v2\/media?parent=2931"}],"wp:term":[{"taxonomy":"product_cat","embeddable":true,"href":"https:\/\/bilaportrety.eu\/en\/wp-json\/wp\/v2\/product_cat?post=2931"},{"taxonomy":"product_tag","embeddable":true,"href":"https:\/\/bilaportrety.eu\/en\/wp-json\/wp\/v2\/product_tag?post=2931"}],"curies":[{"name":"wp","href":"https:\/\/api.w.org\/{rel}","templated":true}]}}