{"id":3287,"date":"2023-01-12T00:44:14","date_gmt":"2023-01-11T23:44:14","guid":{"rendered":"https:\/\/bilaportrety.eu\/?post_type=product&#038;p=3287"},"modified":"2023-01-12T00:44:14","modified_gmt":"2023-01-11T23:44:14","slug":"prodano-kozicky-v-okne-2003-muchlaz","status":"publish","type":"product","link":"https:\/\/bilaportrety.eu\/en\/product\/prodano-kozicky-v-okne-2003-muchlaz\/","title":{"rendered":"Prod\u00e1no ,,Kozi\u010dky v okn\u011b&#8220; (2003) muchl\u00e1\u017e"},"content":{"rendered":"","protected":false},"excerpt":{"rendered":"","protected":false},"featured_media":3288,"template":"","meta":{"om_disable_all_campaigns":false,"site-sidebar-layout":"default","site-content-layout":"default","ast-global-header-display":"","ast-main-header-display":"","ast-hfb-above-header-display":"","ast-hfb-below-header-display":"","ast-hfb-mobile-header-display":"","site-post-title":"","ast-breadcrumbs-content":"","ast-featured-img":"","footer-sml-layout":"","theme-transparent-header-meta":"default","adv-header-id-meta":"","stick-header-meta":"","header-above-stick-meta":"","header-main-stick-meta":"","header-below-stick-meta":""},"product_cat":[38],"product_tag":[],"class_list":["post-3287","product","type-product","status-publish","has-post-thumbnail","hentry","product_cat-muchlaze","desktop-align-left","tablet-align-left","mobile-align-left"],"aioseo_notices":[],"_links":{"self":[{"href":"https:\/\/bilaportrety.eu\/en\/wp-json\/wp\/v2\/product\/3287","targetHints":{"allow":["GET"]}}],"collection":[{"href":"https:\/\/bilaportrety.eu\/en\/wp-json\/wp\/v2\/product"}],"about":[{"href":"https:\/\/bilaportrety.eu\/en\/wp-json\/wp\/v2\/types\/product"}],"version-history":[{"count":1,"href":"https:\/\/bilaportrety.eu\/en\/wp-json\/wp\/v2\/product\/3287\/revisions"}],"predecessor-version":[{"id":3290,"href":"https:\/\/bilaportrety.eu\/en\/wp-json\/wp\/v2\/product\/3287\/revisions\/3290"}],"wp:featuredmedia":[{"embeddable":true,"href":"https:\/\/bilaportrety.eu\/en\/wp-json\/wp\/v2\/media\/3288"}],"wp:attachment":[{"href":"https:\/\/bilaportrety.eu\/en\/wp-json\/wp\/v2\/media?parent=3287"}],"wp:term":[{"taxonomy":"product_cat","embeddable":true,"href":"https:\/\/bilaportrety.eu\/en\/wp-json\/wp\/v2\/product_cat?post=3287"},{"taxonomy":"product_tag","embeddable":true,"href":"https:\/\/bilaportrety.eu\/en\/wp-json\/wp\/v2\/product_tag?post=3287"}],"curies":[{"name":"wp","href":"https:\/\/api.w.org\/{rel}","templated":true}]}}