{"id":3516,"date":"2024-05-26T16:36:41","date_gmt":"2024-05-26T15:36:41","guid":{"rendered":"https:\/\/bilaportrety.eu\/?post_type=product&#038;p=3516"},"modified":"2024-05-26T21:13:16","modified_gmt":"2024-05-26T20:13:16","slug":"veverka-zlatoocka","status":"publish","type":"product","link":"https:\/\/bilaportrety.eu\/en\/product\/veverka-zlatoocka\/","title":{"rendered":",,Veverka zlat\u00fd vo\u010di&#8220; (2023) prysky\u0159ice, akryl"},"content":{"rendered":"","protected":false},"excerpt":{"rendered":"","protected":false},"featured_media":3517,"template":"","meta":{"om_disable_all_campaigns":false,"site-sidebar-layout":"default","site-content-layout":"default","ast-global-header-display":"","ast-main-header-display":"","ast-hfb-above-header-display":"","ast-hfb-below-header-display":"","ast-hfb-mobile-header-display":"","site-post-title":"","ast-breadcrumbs-content":"","ast-featured-img":"","footer-sml-layout":"","theme-transparent-header-meta":"default","adv-header-id-meta":"","stick-header-meta":"","header-above-stick-meta":"","header-main-stick-meta":"","header-below-stick-meta":""},"product_cat":[34,46],"product_tag":[],"class_list":["post-3516","product","type-product","status-publish","has-post-thumbnail","hentry","product_cat-home","product_cat-objekty","desktop-align-left","tablet-align-left","mobile-align-left"],"aioseo_notices":[],"_links":{"self":[{"href":"https:\/\/bilaportrety.eu\/en\/wp-json\/wp\/v2\/product\/3516","targetHints":{"allow":["GET"]}}],"collection":[{"href":"https:\/\/bilaportrety.eu\/en\/wp-json\/wp\/v2\/product"}],"about":[{"href":"https:\/\/bilaportrety.eu\/en\/wp-json\/wp\/v2\/types\/product"}],"version-history":[{"count":4,"href":"https:\/\/bilaportrety.eu\/en\/wp-json\/wp\/v2\/product\/3516\/revisions"}],"predecessor-version":[{"id":3584,"href":"https:\/\/bilaportrety.eu\/en\/wp-json\/wp\/v2\/product\/3516\/revisions\/3584"}],"wp:featuredmedia":[{"embeddable":true,"href":"https:\/\/bilaportrety.eu\/en\/wp-json\/wp\/v2\/media\/3517"}],"wp:attachment":[{"href":"https:\/\/bilaportrety.eu\/en\/wp-json\/wp\/v2\/media?parent=3516"}],"wp:term":[{"taxonomy":"product_cat","embeddable":true,"href":"https:\/\/bilaportrety.eu\/en\/wp-json\/wp\/v2\/product_cat?post=3516"},{"taxonomy":"product_tag","embeddable":true,"href":"https:\/\/bilaportrety.eu\/en\/wp-json\/wp\/v2\/product_tag?post=3516"}],"curies":[{"name":"wp","href":"https:\/\/api.w.org\/{rel}","templated":true}]}}