{"id":3539,"date":"2024-05-26T17:17:46","date_gmt":"2024-05-26T16:17:46","guid":{"rendered":"https:\/\/bilaportrety.eu\/?post_type=product&#038;p=3539"},"modified":"2024-05-26T17:17:47","modified_gmt":"2024-05-26T16:17:47","slug":"apollon-nadherny-2023","status":"publish","type":"product","link":"https:\/\/bilaportrety.eu\/en\/product\/apollon-nadherny-2023\/","title":{"rendered":",,Apoll\u00f3n n\u00e1dhern\u00fd&#8220; (2023)"},"content":{"rendered":"","protected":false},"excerpt":{"rendered":"","protected":false},"featured_media":3534,"template":"","meta":{"om_disable_all_campaigns":false,"site-sidebar-layout":"default","site-content-layout":"default","ast-global-header-display":"","ast-main-header-display":"","ast-hfb-above-header-display":"","ast-hfb-below-header-display":"","ast-hfb-mobile-header-display":"","site-post-title":"","ast-breadcrumbs-content":"","ast-featured-img":"","footer-sml-layout":"","theme-transparent-header-meta":"default","adv-header-id-meta":"","stick-header-meta":"","header-above-stick-meta":"","header-main-stick-meta":"","header-below-stick-meta":""},"product_cat":[46],"product_tag":[],"class_list":["post-3539","product","type-product","status-publish","has-post-thumbnail","hentry","product_cat-objekty","desktop-align-left","tablet-align-left","mobile-align-left"],"aioseo_notices":[],"_links":{"self":[{"href":"https:\/\/bilaportrety.eu\/en\/wp-json\/wp\/v2\/product\/3539","targetHints":{"allow":["GET"]}}],"collection":[{"href":"https:\/\/bilaportrety.eu\/en\/wp-json\/wp\/v2\/product"}],"about":[{"href":"https:\/\/bilaportrety.eu\/en\/wp-json\/wp\/v2\/types\/product"}],"version-history":[{"count":1,"href":"https:\/\/bilaportrety.eu\/en\/wp-json\/wp\/v2\/product\/3539\/revisions"}],"predecessor-version":[{"id":3540,"href":"https:\/\/bilaportrety.eu\/en\/wp-json\/wp\/v2\/product\/3539\/revisions\/3540"}],"wp:featuredmedia":[{"embeddable":true,"href":"https:\/\/bilaportrety.eu\/en\/wp-json\/wp\/v2\/media\/3534"}],"wp:attachment":[{"href":"https:\/\/bilaportrety.eu\/en\/wp-json\/wp\/v2\/media?parent=3539"}],"wp:term":[{"taxonomy":"product_cat","embeddable":true,"href":"https:\/\/bilaportrety.eu\/en\/wp-json\/wp\/v2\/product_cat?post=3539"},{"taxonomy":"product_tag","embeddable":true,"href":"https:\/\/bilaportrety.eu\/en\/wp-json\/wp\/v2\/product_tag?post=3539"}],"curies":[{"name":"wp","href":"https:\/\/api.w.org\/{rel}","templated":true}]}}