{"id":3554,"date":"2024-05-26T18:10:53","date_gmt":"2024-05-26T17:10:53","guid":{"rendered":"https:\/\/bilaportrety.eu\/?post_type=product&#038;p=3554"},"modified":"2024-05-26T18:10:53","modified_gmt":"2024-05-26T17:10:53","slug":"snek-paradnik-2023","status":"publish","type":"product","link":"https:\/\/bilaportrety.eu\/en\/product\/snek-paradnik-2023\/","title":{"rendered":",,\u0160nek par\u00e1dn\u00edk&#8220; (2023)"},"content":{"rendered":"","protected":false},"excerpt":{"rendered":"","protected":false},"featured_media":3555,"template":"","meta":{"om_disable_all_campaigns":false,"site-sidebar-layout":"default","site-content-layout":"default","ast-global-header-display":"","ast-main-header-display":"","ast-hfb-above-header-display":"","ast-hfb-below-header-display":"","ast-hfb-mobile-header-display":"","site-post-title":"","ast-breadcrumbs-content":"","ast-featured-img":"","footer-sml-layout":"","theme-transparent-header-meta":"default","adv-header-id-meta":"","stick-header-meta":"","header-above-stick-meta":"","header-main-stick-meta":"","header-below-stick-meta":""},"product_cat":[46],"product_tag":[],"class_list":["post-3554","product","type-product","status-publish","has-post-thumbnail","hentry","product_cat-objekty","desktop-align-left","tablet-align-left","mobile-align-left"],"aioseo_notices":[],"_links":{"self":[{"href":"https:\/\/bilaportrety.eu\/en\/wp-json\/wp\/v2\/product\/3554","targetHints":{"allow":["GET"]}}],"collection":[{"href":"https:\/\/bilaportrety.eu\/en\/wp-json\/wp\/v2\/product"}],"about":[{"href":"https:\/\/bilaportrety.eu\/en\/wp-json\/wp\/v2\/types\/product"}],"version-history":[{"count":2,"href":"https:\/\/bilaportrety.eu\/en\/wp-json\/wp\/v2\/product\/3554\/revisions"}],"predecessor-version":[{"id":3562,"href":"https:\/\/bilaportrety.eu\/en\/wp-json\/wp\/v2\/product\/3554\/revisions\/3562"}],"wp:featuredmedia":[{"embeddable":true,"href":"https:\/\/bilaportrety.eu\/en\/wp-json\/wp\/v2\/media\/3555"}],"wp:attachment":[{"href":"https:\/\/bilaportrety.eu\/en\/wp-json\/wp\/v2\/media?parent=3554"}],"wp:term":[{"taxonomy":"product_cat","embeddable":true,"href":"https:\/\/bilaportrety.eu\/en\/wp-json\/wp\/v2\/product_cat?post=3554"},{"taxonomy":"product_tag","embeddable":true,"href":"https:\/\/bilaportrety.eu\/en\/wp-json\/wp\/v2\/product_tag?post=3554"}],"curies":[{"name":"wp","href":"https:\/\/api.w.org\/{rel}","templated":true}]}}